{"id":3,"date":"2020-01-28T10:56:42","date_gmt":"2020-01-28T10:56:42","guid":{"rendered":"https:\/\/www.kergudon.com\/?page_id=3"},"modified":"2026-01-31T12:39:19","modified_gmt":"2026-01-31T12:39:19","slug":"privacy-policy","status":"publish","type":"page","link":"https:\/\/kergudon.com\/fr\/privacy-policy\/","title":{"rendered":"Politique de Confidentialit\u00e9"},"content":{"rendered":"<h1 data-start=\"363\" data-end=\"384\">Politique de Confidentialit\u00e9<\/h1>\n<strong data-start=\"385\" data-end=\"406\">G\u00eetes de Kergudon<\/strong>\n<h2 data-start=\"408\" data-end=\"426\">1. Introduction<\/h2>\nLes G\u00eetes de Kergudon s'engagent \u00e0 prot\u00e9ger vos donn\u00e9es personnelles et \u00e0 respecter votre vie priv\u00e9e.<br data-start=\"520\" data-end=\"523\" \/>This Privacy Policy explains how your personal information is collected, used, and protected when you visit our website or contact us regarding a stay.\nThis policy complies with the <strong data-start=\"706\" data-end=\"751\">R\u00e8glement g\u00e9n\u00e9ral sur la protection des donn\u00e9es (RGPD)<\/strong>.\n<hr data-start=\"754\" data-end=\"757\" \/>\n<h2 data-start=\"759\" data-end=\"780\">2. Responsable du traitement des donn\u00e9es<\/h2>\nLe responsable du traitement des donn\u00e9es est :\n<strong data-start=\"807\" data-end=\"828\">G\u00eetes de Kergudon<\/strong><br data-start=\"828\" data-end=\"831\" \/>3 Hent Gorreker, Saint-Cadou<br data-start=\"859\" data-end=\"862\" \/>29450 SIZUN &#8211; Finist\u00e8re &#8211; France<br data-start=\"894\" data-end=\"897\" \/>Email: <a rel=\"noopener\" data-start=\"904\" data-end=\"924\">contact@kergudon.com<\/a><br data-start=\"924\" data-end=\"927\" \/>Telephone: +33 (0)2 98 24 16 98\n<hr data-start=\"962\" data-end=\"965\" \/>\n<h2 data-start=\"967\" data-end=\"996\">3. Donn\u00e9es personnelles collect\u00e9es<\/h2>\nNous pouvons collecter les donn\u00e9es personnelles suivantes :\n<ul data-start=\"1043\" data-end=\"1249\">\n<li data-start=\"1043\" data-end=\"1063\">\nNom et Nom Famille\n<\/li>\n<li data-start=\"1064\" data-end=\"1081\">\nAddress Email\n<\/li>\n<li data-start=\"1082\" data-end=\"1102\">\nNum\u00e9ro de T\u00e9l\u00e8phone\n<\/li>\n<li data-start=\"1103\" data-end=\"1133\">\nD\u00e9tails de la r\u00e9servation ou de la demande\n<\/li>\n<li data-start=\"1134\" data-end=\"1181\">\nDates du s\u00e9jour et pr\u00e9f\u00e9rences en mati\u00e8re d'h\u00e9bergement\n<\/li>\n<li data-start=\"1182\" data-end=\"1249\">\nToute information fournie volontairement via les formulaires de contact ou par e-mail\n<\/li>\n<\/ul>\nNous ne faisons <strong data-start=\"1257\" data-end=\"1264\">pas<\/strong> collecter des donn\u00e9es personnelles sensibles.\n<hr data-start=\"1299\" data-end=\"1302\" \/>\n<h2 data-start=\"1304\" data-end=\"1336\">4. Finalit\u00e9 du traitement des donn\u00e9es<\/h2>\nVos donn\u00e9es personnelles sont collect\u00e9es uniquement aux fins suivantes :\n<ul data-start=\"1406\" data-end=\"1585\">\n<li data-start=\"1406\" data-end=\"1433\">\nR\u00e9pondre aux demandes de renseignements\n<\/li>\n<li data-start=\"1434\" data-end=\"1480\">\nGestion des demandes de r\u00e9servation et des r\u00e9servations\n<\/li>\n<li data-start=\"1481\" data-end=\"1541\">\nCommunication des informations essentielles relatives \u00e0 votre s\u00e9jour\n<\/li>\n<li data-start=\"1542\" data-end=\"1585\">\nRespect des obligations l\u00e9gales ou comptables\n<\/li>\n<\/ul>\nVos donn\u00e9es sont <strong data-start=\"1600\" data-end=\"1636\">jamais utilis\u00e9 \u00e0 des fins commerciales<\/strong> ou marketing non sollicit\u00e9.\n<hr data-start=\"1664\" data-end=\"1667\" \/>\n<h2 data-start=\"1669\" data-end=\"1701\">5. Base juridique du traitement<\/h2>\nLes donn\u00e9es \u00e0 caract\u00e8re personnel sont trait\u00e9es sur la base d'une ou plusieurs des bases juridiques suivantes :\n<ul data-start=\"1776\" data-end=\"1881\">\n<li data-start=\"1776\" data-end=\"1792\">\nVotre consentement\n<\/li>\n<li data-start=\"1793\" data-end=\"1843\">\nEx\u00e9cution d'un contrat (gestion des r\u00e9servations)\n<\/li>\n<li data-start=\"1844\" data-end=\"1881\">\nRespect des obligations l\u00e9gales\n<\/li>\n<\/ul>\n<hr data-start=\"1883\" data-end=\"1886\" \/>\n<h2 data-start=\"1888\" data-end=\"1908\">6. Conservation des donn\u00e9es<\/h2>\nPersonal data is retained only for the duration necessary to fulfil its purpose, and in accordance with legal requirements.\nBooking and accounting data may be retained for statutory periods required by French law.\n<hr data-start=\"2126\" data-end=\"2129\" \/>\n<h2 data-start=\"2131\" data-end=\"2149\">7. Partage des donn\u00e9es<\/h2>\nLes donn\u00e9es personnelles ne peuvent \u00eatre partag\u00e9es qu'avec :\n<ul data-start=\"2191\" data-end=\"2380\">\n<li data-start=\"2191\" data-end=\"2255\">\nPlateformes de r\u00e9servation (par exemple Airbnb, Booking.com), le cas \u00e9ch\u00e9ant\n<\/li>\n<li data-start=\"2256\" data-end=\"2319\">\nPrestataires de services strictement n\u00e9cessaires \u00e0 la gestion des r\u00e9servations\n<\/li>\n<li data-start=\"2320\" data-end=\"2380\">\nAutorit\u00e9s judiciaires ou administratives lorsque la loi l'exige\n<\/li>\n<\/ul>\nLes donn\u00e9es sont <strong data-start=\"2390\" data-end=\"2419\">jamais vendu ni transf\u00e9r\u00e9<\/strong> \u00e0 des tiers \u00e0 des fins commerciales.\n<hr data-start=\"2463\" data-end=\"2466\" \/>\n<h2 data-start=\"2468\" data-end=\"2487\">8. S\u00e9curit\u00e9 des Donn\u00e9es<\/h2>\nDes mesures techniques et organisationnelles appropri\u00e9es sont mises en \u0153uvre pour prot\u00e9ger les donn\u00e9es \u00e0 caract\u00e8re personnel contre la perte, l'utilisation abusive, l'acc\u00e8s non autoris\u00e9 ou la divulgation.\n<hr data-start=\"2639\" data-end=\"2642\" \/>\n<h2 data-start=\"2644\" data-end=\"2661\">9. Vos droits<\/h2>\nConform\u00e9ment au RGPD, vous avez le droit :\n<ul data-start=\"2712\" data-end=\"2866\">\n<li data-start=\"2712\" data-end=\"2741\">\nAcc\u00e9dez \u00e0 vos donn\u00e9es personnelles\n<\/li>\n<li data-start=\"2742\" data-end=\"2769\">\nCorriger les donn\u00e9es inexactes\n<\/li>\n<li data-start=\"2770\" data-end=\"2803\">\nDemander la suppression de vos donn\u00e9es\n<\/li>\n<li data-start=\"2804\" data-end=\"2837\">\nLimiter ou s'opposer au traitement\n<\/li>\n<li data-start=\"2838\" data-end=\"2866\">\nDemander la portabilit\u00e9 des donn\u00e9es\n<\/li>\n<\/ul>\nPour exercer ces droits, veuillez contacter :<br data-start=\"2909\" data-end=\"2912\" \/><a rel=\"noopener\" data-start=\"2915\" data-end=\"2935\">contact@kergudon.com<\/a>\n<hr data-start=\"2939\" data-end=\"2942\" \/>\n<h2 data-start=\"2944\" data-end=\"2961\">10. R\u00e9clamations<\/h2>\nSi vous estimez que vos droits en mati\u00e8re de protection des donn\u00e9es n'ont pas \u00e9t\u00e9 respect\u00e9s, vous pouvez d\u00e9poser une plainte aupr\u00e8s de l' <strong data-start=\"3066\" data-end=\"3074\">CNIL<\/strong> (Commission Nationale de l&#8217;Informatique et des Libert\u00e9s).\n<hr data-start=\"3134\" data-end=\"3137\" \/>\n<h2 data-start=\"3139\" data-end=\"3168\">11. Mises \u00e0 jour de la pr\u00e9sente politique<\/h2>\nLa pr\u00e9sente politique de confidentialit\u00e9 peut \u00eatre r\u00e9vis\u00e9e \u00e0 tout moment.<br data-start=\"3217\" data-end=\"3220\" \/>Derni\u00e8re mise \u00e0 jour : <strong data-start=\"3233\" data-end=\"3250\">F\u00e9vrier 2026<\/strong>\n<hr data-start=\"3252\" data-end=\"3255\" \/>\n<hr data-start=\"3257\" data-end=\"3260\" \/>\n<h1 data-start=\"3262\" data-end=\"3282\">Politique relative aux cookies<\/h1>\n<strong data-start=\"3283\" data-end=\"3304\">G\u00eetes de Kergudon<\/strong>\n<h2 data-start=\"3306\" data-end=\"3329\">1. Que sont les cookies ?<\/h2>\nLes cookies sont de petits fichiers texte stock\u00e9s sur votre appareil lorsque vous visitez un site web.<br data-start=\"3407\" data-end=\"3410\" \/>Ils permettent au site web de fonctionner correctement et d'am\u00e9liorer l'exp\u00e9rience utilisateur.\n<hr data-start=\"3484\" data-end=\"3487\" \/>\n<h2 data-start=\"3489\" data-end=\"3523\">2. Cookies utilis\u00e9s sur ce site Web<\/h2>\nLe site web des G\u00eetes de Kergudon peut utiliser :\n<ul data-start=\"3565\" data-end=\"3785\">\n<li data-start=\"3565\" data-end=\"3640\">\n<strong data-start=\"3567\" data-end=\"3588\">Cookies essentiels<\/strong> &#8211; required for the proper functioning of the site\n<\/li>\n<li data-start=\"3641\" data-end=\"3706\">\n<strong data-start=\"3643\" data-end=\"3665\">Cookies fonctionnels<\/strong> &#8211; to improve usability and performance\n<\/li>\n<li data-start=\"3707\" data-end=\"3785\">\n<strong data-start=\"3709\" data-end=\"3731\">Cookies analytiques<\/strong> (if enabled) &#8211; to measure website traffic and usage\n<\/li>\n<\/ul>\n(if enabled) \u2013 to measure website traffic and usage\n<hr data-start=\"3849\" data-end=\"3852\" \/>\n<h2 data-start=\"3854\" data-end=\"3876\">3. Gestion des cookies<\/h2>\nYou may accept, refuse, or delete cookies at any time via your browser settings.\nDisabling cookies may affect certain functionalities of the website.\n<hr data-start=\"4030\" data-end=\"4033\" \/>\n<h2 data-start=\"4035\" data-end=\"4060\">4. Cookies tiers<\/h2>\nSi des services tiers sont utilis\u00e9s (par exemple, des outils d'analyse), ceux-ci peuvent placer des cookies soumis \u00e0 leurs propres politiques de confidentialit\u00e9.\n<hr data-start=\"4182\" data-end=\"4185\" \/>\n<h2 data-start=\"4187\" data-end=\"4200\">5. Mises \u00e0 jour<\/h2>\nLa pr\u00e9sente politique en mati\u00e8re de cookies peut \u00eatre mise \u00e0 jour \u00e0 tout moment.<br data-start=\"4248\" data-end=\"4251\" \/>Derni\u00e8re mise \u00e0 jour : <strong data-start=\"4264\" data-end=\"4281\">F\u00e9vrier 2026<\/strong>","protected":false},"excerpt":{"rendered":"<p>Privacy Policy G\u00eetes de Kergudon 1. Introduction G\u00eetes de Kergudon is committed to protecting your personal data and respecting your privacy.This Privacy Policy explains how your personal information is collected, used, and protected when you visit our website or contact us regarding a stay. This policy complies with the General Data Protection Regulation (GDPR). 2.&hellip;<\/p>","protected":false},"author":1,"featured_media":0,"parent":0,"menu_order":0,"comment_status":"closed","ping_status":"open","template":"","meta":{"footnotes":""},"class_list":["post-3","page","type-page","status-publish","hentry"],"_links":{"self":[{"href":"https:\/\/kergudon.com\/fr\/wp-json\/wp\/v2\/pages\/3","targetHints":{"allow":["GET"]}}],"collection":[{"href":"https:\/\/kergudon.com\/fr\/wp-json\/wp\/v2\/pages"}],"about":[{"href":"https:\/\/kergudon.com\/fr\/wp-json\/wp\/v2\/types\/page"}],"author":[{"embeddable":true,"href":"https:\/\/kergudon.com\/fr\/wp-json\/wp\/v2\/users\/1"}],"replies":[{"embeddable":true,"href":"https:\/\/kergudon.com\/fr\/wp-json\/wp\/v2\/comments?post=3"}],"version-history":[{"count":2,"href":"https:\/\/kergudon.com\/fr\/wp-json\/wp\/v2\/pages\/3\/revisions"}],"predecessor-version":[{"id":10364,"href":"https:\/\/kergudon.com\/fr\/wp-json\/wp\/v2\/pages\/3\/revisions\/10364"}],"wp:attachment":[{"href":"https:\/\/kergudon.com\/fr\/wp-json\/wp\/v2\/media?parent=3"}],"curies":[{"name":"wp","href":"https:\/\/api.w.org\/{rel}","templated":true}]}}