{"id":3483,"date":"2020-05-20T09:17:13","date_gmt":"2020-05-20T09:17:13","guid":{"rendered":"https:\/\/www.kergudon.com\/?page_id=3483"},"modified":"2025-05-10T18:07:06","modified_gmt":"2025-05-10T18:07:06","slug":"holiday-rentals-brittany","status":"publish","type":"page","link":"https:\/\/kergudon.com\/fr\/holiday-rentals-brittany\/","title":{"rendered":"Things to do in Brittany"},"content":{"rendered":"<h1>\n\t\tChoses \u00e0 faire pendant vos vacances dans nos h\u00e9bergements \u00e0 Sizun<br data-mce-bogus=\"1\"\/>\n\t<\/h1>\n\t<p>En s\u00e9journant \u00e0 Kergudon, dans l'une de nos Gite dans les Monts d\u2019Arr\u00e9e, vous b\u00e9n\u00e9ficiez d'une base paisible et tranquille o\u00f9 vous pouvez vous allonger et vous d\u00e9tendre ou d'o\u00f9 vous pouvez explorer la r\u00e9gion.<\/p>\n<p>\u00c9tant au centre de la belle campagne bretonne, il est possible de profiter d'une pause plus physique et plus active si vous le souhaitez.  En fait, quelle que soit l'activit\u00e9 que vous appr\u00e9ciez, nous sommes susceptibles de vous proposer un service de restauration.<\/p>\n<smartvideo src=\"https:\/\/www.youtube.com\/embed\/YWQseqXG0ig\" width=\"1280\" height=\"720\"  muted autoplay loop controls><\/smartvideo>\n\t\t\t\t<img decoding=\"async\" data-src=\"https:\/\/b2861967.smushcdn.com\/2861967\/wp-content\/uploads\/2020\/09\/Holiday-rentals-Brittany-Gite-monts-dArree-3-1024x707.jpeg?lossy=1&strip=1&webp=1\" alt=\"Holiday rentals Brittany Gite monts d'Arr\u00e9e\" itemprop=\"image\" height=\"707\" width=\"1024\" title=\"Holiday rentals Brittany Gite monts d'Arr\u00e9e (3)\" onerror=\"this.style.display='none'\" data-srcset=\"https:\/\/b2861967.smushcdn.com\/2861967\/wp-content\/uploads\/2020\/09\/Holiday-rentals-Brittany-Gite-monts-dArree-3-1024x707.jpeg?lossy=1&amp;strip=1&amp;webp=1 1024w, https:\/\/b2861967.smushcdn.com\/2861967\/wp-content\/uploads\/2020\/09\/Holiday-rentals-Brittany-Gite-monts-dArree-3-300x207.jpeg?lossy=1&amp;strip=1&amp;webp=1 300w, https:\/\/b2861967.smushcdn.com\/2861967\/wp-content\/uploads\/2020\/09\/Holiday-rentals-Brittany-Gite-monts-dArree-3-768x531.jpeg?lossy=1&amp;strip=1&amp;webp=1 768w, https:\/\/b2861967.smushcdn.com\/2861967\/wp-content\/uploads\/2020\/09\/Holiday-rentals-Brittany-Gite-monts-dArree-3-1536x1061.jpeg?lossy=1&amp;strip=1&amp;webp=1 1536w, https:\/\/b2861967.smushcdn.com\/2861967\/wp-content\/uploads\/2020\/09\/Holiday-rentals-Brittany-Gite-monts-dArree-3-2048x1415.jpeg?lossy=1&amp;strip=1&amp;webp=1 2048w, https:\/\/b2861967.smushcdn.com\/2861967\/wp-content\/uploads\/2020\/09\/Holiday-rentals-Brittany-Gite-monts-dArree-3.jpeg?size=512x354&amp;lossy=1&amp;strip=1&amp;webp=1 512w\" data-sizes=\"auto\" src=\"data:image\/svg+xml;base64,PHN2ZyB3aWR0aD0iMSIgaGVpZ2h0PSIxIiB4bWxucz0iaHR0cDovL3d3dy53My5vcmcvMjAwMC9zdmciPjwvc3ZnPg==\" class=\"lazyload\" style=\"--smush-placeholder-width: 1024px; --smush-placeholder-aspect-ratio: 1024\/707;\" data-original-sizes=\"(max-width: 1024px) 100vw, 1024px\" \/>\n\t<h3>Activit\u00e9s en Famille<\/h3>\n<p>Le Finist\u00e8re offre de nombreuses activit\u00e9s ludiques pour les enfants, notamment autour de Morlaix (\u00e0 25 minutes), Brest et Quimper (toutes deux \u00e0 40 minutes).<\/p>\n<ul>\n<li><a href=\"https:\/\/www.espace-sciences-morlaix.org\/\" target=\"_blank\" rel=\"noopener\">Espaces Science Morlaix<\/a><\/li>\n<li><a href=\"https:\/\/www.oceanopolis.com\/\" target=\"_blank\" rel=\"noopener\">Oceanopolis<\/a> (Brest) : Explorer la vie marine avec les tout-petits et les plus grands.<\/li>\n<li><a href=\"https:\/\/karaezadrenaline.com\/\" target=\"_blank\" rel=\"noopener\">Karaez Adr\u00e9naline<\/a> (Carhaix) : Des parcours dans les arbres et des tyroliennes pour les enfants aventureux.<\/li>\n<li>Biscuiteries: Tours and tastings of Brittany&#8217;s famous biscuits including the <a href=\"https:\/\/www.latrinitaine.com\/\" target=\"_blank\" rel=\"noopener\">Biscuiterie La Trinitaine<\/a> sur la presqu'\u00eele de Crozon.<\/li>\n<\/ul>\n<p>Pour trouver d'autres activit\u00e9s familiales, cliquez ici <a href=\"https:\/\/www.tourismebretagne.com\/selon-mes-envies\/en-famille\/\" target=\"_blank\" rel=\"noopener\">Choses a faire pour les familles pendant les vacances en Bretagne<\/a>.<\/p>\n\t\t\t\t<img decoding=\"async\" data-src=\"https:\/\/b2861967.smushcdn.com\/2861967\/wp-content\/uploads\/2020\/09\/Holiday-rentals-Brittany-Gite-monts-dArree-5-scaled.jpeg?lossy=1&strip=1&webp=1\" alt=\"Holiday rentals Brittany Gite monts d'Arr\u00e9e\" itemprop=\"image\" height=\"1707\" width=\"2560\" title=\"Holiday rentals Brittany Gite monts d'Arr\u00e9e (5)\" onerror=\"this.style.display='none'\" data-srcset=\"https:\/\/b2861967.smushcdn.com\/2861967\/wp-content\/uploads\/2020\/09\/Holiday-rentals-Brittany-Gite-monts-dArree-5-scaled.jpeg?lossy=1&amp;strip=1&amp;webp=1 2560w, https:\/\/b2861967.smushcdn.com\/2861967\/wp-content\/uploads\/2020\/09\/Holiday-rentals-Brittany-Gite-monts-dArree-5-300x200.jpeg?lossy=1&amp;strip=1&amp;webp=1 300w, https:\/\/b2861967.smushcdn.com\/2861967\/wp-content\/uploads\/2020\/09\/Holiday-rentals-Brittany-Gite-monts-dArree-5-1024x683.jpeg?lossy=1&amp;strip=1&amp;webp=1 1024w, https:\/\/b2861967.smushcdn.com\/2861967\/wp-content\/uploads\/2020\/09\/Holiday-rentals-Brittany-Gite-monts-dArree-5-768x512.jpeg?lossy=1&amp;strip=1&amp;webp=1 768w, https:\/\/b2861967.smushcdn.com\/2861967\/wp-content\/uploads\/2020\/09\/Holiday-rentals-Brittany-Gite-monts-dArree-5-1536x1024.jpeg?lossy=1&amp;strip=1&amp;webp=1 1536w, https:\/\/b2861967.smushcdn.com\/2861967\/wp-content\/uploads\/2020\/09\/Holiday-rentals-Brittany-Gite-monts-dArree-5-2048x1365.jpeg?lossy=1&amp;strip=1&amp;webp=1 2048w, https:\/\/b2861967.smushcdn.com\/2861967\/wp-content\/uploads\/2020\/09\/Holiday-rentals-Brittany-Gite-monts-dArree-5.jpeg?size=512x341&amp;lossy=1&amp;strip=1&amp;webp=1 512w\" data-sizes=\"auto\" src=\"data:image\/svg+xml;base64,PHN2ZyB3aWR0aD0iMSIgaGVpZ2h0PSIxIiB4bWxucz0iaHR0cDovL3d3dy53My5vcmcvMjAwMC9zdmciPjwvc3ZnPg==\" class=\"lazyload\" style=\"--smush-placeholder-width: 2560px; --smush-placeholder-aspect-ratio: 2560\/1707;\" data-original-sizes=\"(max-width: 2560px) 100vw, 2560px\" \/>\n\t<h3>Les Activit\u00e9s Nautiques<\/h3>\n<ul>\n<li>Lac Du Drennec (2km de Kergudon) : Profitez des plages de sable dor\u00e9, de la baignade en eau douce claire et sauvage, et des eaux s\u00fbres pour les enfants.<\/li>\n<li><a href=\"https:\/\/www.cn-arree.org\/\" target=\"_blank\" rel=\"noopener\">Centre Nautique de l&#8217;Aree<\/a>: Propose des activit\u00e9s de cano\u00eb-kayak, de voile et de paddleboard pendant l'\u00e9t\u00e9.<\/li>\n<li>Brest (40 minutes) Jet ski et divers sports nautiques avec <a href=\"https:\/\/www.locamarine.fr\/\" target=\"_blank\" rel=\"noopener\">Locamarine Watersports<\/a>.<\/li>\n<\/ul>\n\t\t\t\t<img decoding=\"async\" data-src=\"https:\/\/b2861967.smushcdn.com\/2861967\/wp-content\/uploads\/2024\/05\/Brittany-Self-Catering-Hebergement-Sizun-1-1024x683.jpeg?lossy=1&strip=1&webp=1\" alt=\"trevarez\" itemprop=\"image\" height=\"683\" width=\"1024\" title=\"trevarez\" onerror=\"this.style.display='none'\" data-srcset=\"https:\/\/b2861967.smushcdn.com\/2861967\/wp-content\/uploads\/2024\/05\/Brittany-Self-Catering-Hebergement-Sizun-1-1024x683.jpeg?lossy=1&amp;strip=1&amp;webp=1 1024w, https:\/\/b2861967.smushcdn.com\/2861967\/wp-content\/uploads\/2024\/05\/Brittany-Self-Catering-Hebergement-Sizun-1-300x200.jpeg?lossy=1&amp;strip=1&amp;webp=1 300w, https:\/\/b2861967.smushcdn.com\/2861967\/wp-content\/uploads\/2024\/05\/Brittany-Self-Catering-Hebergement-Sizun-1-768x512.jpeg?lossy=1&amp;strip=1&amp;webp=1 768w, https:\/\/b2861967.smushcdn.com\/2861967\/wp-content\/uploads\/2024\/05\/Brittany-Self-Catering-Hebergement-Sizun-1-1536x1024.jpeg?lossy=1&amp;strip=1&amp;webp=1 1536w, https:\/\/b2861967.smushcdn.com\/2861967\/wp-content\/uploads\/2024\/05\/Brittany-Self-Catering-Hebergement-Sizun-1-2048x1365.jpeg?lossy=1&amp;strip=1&amp;webp=1 2048w, https:\/\/b2861967.smushcdn.com\/2861967\/wp-content\/uploads\/2024\/05\/Brittany-Self-Catering-Hebergement-Sizun-1-18x12.jpeg?lossy=1&amp;strip=1&amp;webp=1 18w, https:\/\/b2861967.smushcdn.com\/2861967\/wp-content\/uploads\/2024\/05\/Brittany-Self-Catering-Hebergement-Sizun-1.jpeg?size=512x342&amp;lossy=1&amp;strip=1&amp;webp=1 512w\" data-sizes=\"auto\" src=\"data:image\/svg+xml;base64,PHN2ZyB3aWR0aD0iMSIgaGVpZ2h0PSIxIiB4bWxucz0iaHR0cDovL3d3dy53My5vcmcvMjAwMC9zdmciPjwvc3ZnPg==\" class=\"lazyload\" style=\"--smush-placeholder-width: 1024px; --smush-placeholder-aspect-ratio: 1024\/683;\" data-original-sizes=\"(max-width: 1024px) 100vw, 1024px\" \/>\n\t<h3>Ch\u00e2teaux et Jardins<\/h3>\n<p>D\u00e9couvrez de magnifiques jardins et propri\u00e9t\u00e9s historiques en Bretagne.<\/p>\n<ul>\n<li>Jardin Exotique &amp; Botanique (Roscoff, 40 minutes)<\/li>\n<li>Ch\u00e2teau Trevarez, Abbaye de Daoulas et Ch\u00e2teau Kerjean<\/li>\n<li>Parc Botanique Cornouaille (Pont l&#8217;Abb\u00e9, 45 minutes)<\/li>\n<li>Arboretum (Huelgoat, 25 minutes)<\/li>\n<\/ul>\n\t\t\t\t<img decoding=\"async\" data-src=\"https:\/\/b2861967.smushcdn.com\/2861967\/wp-content\/uploads\/2020\/09\/Brittany-Self-Catering-Hebergement-Sizun-5-1024x579.jpeg?lossy=1&strip=1&webp=1\" alt=\"Brittany Self Catering Hebergement Sizun\" itemprop=\"image\" height=\"579\" width=\"1024\" title=\"Brittany Self Catering Hebergement Sizun (5)\" onerror=\"this.style.display='none'\" data-srcset=\"https:\/\/b2861967.smushcdn.com\/2861967\/wp-content\/uploads\/2020\/09\/Brittany-Self-Catering-Hebergement-Sizun-5-1024x579.jpeg?lossy=1&amp;strip=1&amp;webp=1 1024w, https:\/\/b2861967.smushcdn.com\/2861967\/wp-content\/uploads\/2020\/09\/Brittany-Self-Catering-Hebergement-Sizun-5-300x170.jpeg?lossy=1&amp;strip=1&amp;webp=1 300w, https:\/\/b2861967.smushcdn.com\/2861967\/wp-content\/uploads\/2020\/09\/Brittany-Self-Catering-Hebergement-Sizun-5-768x434.jpeg?lossy=1&amp;strip=1&amp;webp=1 768w, https:\/\/b2861967.smushcdn.com\/2861967\/wp-content\/uploads\/2020\/09\/Brittany-Self-Catering-Hebergement-Sizun-5-1536x868.jpeg?lossy=1&amp;strip=1&amp;webp=1 1536w, https:\/\/b2861967.smushcdn.com\/2861967\/wp-content\/uploads\/2020\/09\/Brittany-Self-Catering-Hebergement-Sizun-5-2048x1158.jpeg?lossy=1&amp;strip=1&amp;webp=1 2048w, https:\/\/b2861967.smushcdn.com\/2861967\/wp-content\/uploads\/2020\/09\/Brittany-Self-Catering-Hebergement-Sizun-5.jpeg?size=512x290&amp;lossy=1&amp;strip=1&amp;webp=1 512w\" data-sizes=\"auto\" src=\"data:image\/svg+xml;base64,PHN2ZyB3aWR0aD0iMSIgaGVpZ2h0PSIxIiB4bWxucz0iaHR0cDovL3d3dy53My5vcmcvMjAwMC9zdmciPjwvc3ZnPg==\" class=\"lazyload\" style=\"--smush-placeholder-width: 1024px; --smush-placeholder-aspect-ratio: 1024\/579;\" data-original-sizes=\"(max-width: 1024px) 100vw, 1024px\" \/>\n\t<h3>Les Villes Locales<\/h3>\n<p>Profitez des promenades dans les villes int\u00e9ressantes du Finist\u00e8re :<\/p>\n<ul>\n<li>Sizun (6 minutes) : Le bourg le plus proche avec des caf\u00e9s, des restaurants et une charmante \u00e9glise.<\/li>\n<li>Huelgoat (25 minutes) : Connu pour son lac de p\u00eache et ses promenades en for\u00eat.<\/li>\n<li>Landerneau (20 minutes) : Ville anim\u00e9e avec de nombreux magasins et la galerie du Fonds Leclerc.<\/li>\n<li>Morlaix (25 minutes) : Rues pav\u00e9es, maisons \u00e0 colombages et boutiques.<\/li>\n<li>Locquirec (40 minutes) : Connue pour son littoral \u00e9poustouflant, ses belles plages de sable fin et ses excellents restaurants.<\/li>\n<li>Quimper (45 minutes) : Capitale bretonne avec d'excellents magasins, des caf\u00e9s et une cath\u00e9drale m\u00e9di\u00e9vale.<\/li>\n<\/ul>\n<h3>\n\t\t5 choses \u00e0 faire en Bretagne un jour de pluie\n\t<\/h3>\n\t<ol>\n<li><strong>Espaces Science Morlaix<\/strong> (Morlaix) - Initiative innovante et unique en France, ce nouveau centre de m\u00e9diation scientifique a pour objectif de valoriser l'histoire de la Manufacture, sa m\u00e9moire ouvri\u00e8re et de promouvoir la culture scientifique. La science et la technologie vont de pair dans l'industrie. A la Manufacture de Morlaix, chacun pourra d\u00e9couvrir l'\u00e9volution des techniques dans ce lieu charg\u00e9 d'histoire, riche d'un patrimoine industriel exceptionnel.<\/li>\n<li><strong>Oceanopolis<\/strong> (Brest) &#8211; Designed by academics who wished to let science out of the laboratory and bring it to the general public, Oc\u00e9anopolis is a very singular aquarium. Links with researchers continue to be forged, of course especially those in Brest, where the quality of the local scientific platform is unique in Europe.<\/li>\n<li><a href=\"https:\/\/www.musee-marine.fr\/nos-musees\/brest.html\" target=\"_blank\" rel=\"noopener\"><strong>Mus\u00e9e Maritime<\/strong><\/a> (Brest) &#8211; In the exceptional setting of the castle of Brest, the National Maritime Museum houses a unique heritage reflecting the great naval adventure Arsenal of Brest and the French Navy.<br \/>\nDans des salles r\u00e9cemment r\u00e9nov\u00e9es, les visiteurs peuvent d\u00e9couvrir les chefs-d'\u0153uvre de la d\u00e9coration navale, de l'exp\u00e9dition Lap\u00e9rouse, de la vie des bagnards ou des embl\u00e8mes des navires de la Marine nationale contemporaine.<\/li>\n<li><a href=\"https:\/\/www.fonds-culturel-leclerc.fr\/\" target=\"_blank\" rel=\"noopener\"><strong>Galerie Fonds Leclerc<\/strong><\/a> (Landerneau) &#8211; A contemporary Art Gallery and Exhibition space located in the heart of Landerneau with summer and autumn exhibitions annually.<\/li>\n<li><a href=\"https:\/\/www.cdp29.fr\/en\/presentation-daoulas\" target=\"_blank\" rel=\"noopener\"><strong>Abbey de Daoulas<\/strong><\/a> (Daoulas) &#8211; With a medicinal garden and arboretum, the abbey at Daoulas also features seasonal exhibitions.<\/li>\n<\/ol>\n<smartvideo src=\"https:\/\/www.youtube.com\/embed\/9e11Qglu7ss\" width=\"1280\" height=\"720\"  muted autoplay loop controls><\/smartvideo>\n\t\t\t\t<img decoding=\"async\" data-src=\"https:\/\/b2861967.smushcdn.com\/2861967\/wp-content\/uploads\/2024\/07\/gites-de-france-bretagne-finistere-Things-to-do-at-Kergudon-Gites-1.jpg?lossy=1&strip=1&webp=1\" alt=\"g\u00eetes de france bretagne finist\u00e8re Things to do at Kergudon Gites\" itemprop=\"image\" height=\"683\" width=\"1024\" title=\"g\u00eetes de france bretagne finist\u00e8re Things to do at Kergudon Gites\" onerror=\"this.style.display='none'\" data-srcset=\"https:\/\/b2861967.smushcdn.com\/2861967\/wp-content\/uploads\/2024\/07\/gites-de-france-bretagne-finistere-Things-to-do-at-Kergudon-Gites-1.jpg?lossy=1&amp;strip=1&amp;webp=1 1024w, https:\/\/b2861967.smushcdn.com\/2861967\/wp-content\/uploads\/2024\/07\/gites-de-france-bretagne-finistere-Things-to-do-at-Kergudon-Gites-1-300x200.jpg?lossy=1&amp;strip=1&amp;webp=1 300w, https:\/\/b2861967.smushcdn.com\/2861967\/wp-content\/uploads\/2024\/07\/gites-de-france-bretagne-finistere-Things-to-do-at-Kergudon-Gites-1-768x512.jpg?lossy=1&amp;strip=1&amp;webp=1 768w, https:\/\/b2861967.smushcdn.com\/2861967\/wp-content\/uploads\/2024\/07\/gites-de-france-bretagne-finistere-Things-to-do-at-Kergudon-Gites-1-18x12.jpg?lossy=1&amp;strip=1&amp;webp=1 18w, https:\/\/b2861967.smushcdn.com\/2861967\/wp-content\/uploads\/2024\/07\/gites-de-france-bretagne-finistere-Things-to-do-at-Kergudon-Gites-1.jpg?size=512x342&amp;lossy=1&amp;strip=1&amp;webp=1 512w\" data-sizes=\"auto\" src=\"data:image\/svg+xml;base64,PHN2ZyB3aWR0aD0iMSIgaGVpZ2h0PSIxIiB4bWxucz0iaHR0cDovL3d3dy53My5vcmcvMjAwMC9zdmciPjwvc3ZnPg==\" class=\"lazyload\" style=\"--smush-placeholder-width: 1024px; --smush-placeholder-aspect-ratio: 1024\/683;\" data-original-sizes=\"(max-width: 1024px) 100vw, 1024px\" \/>\n<h3>\n\t\tWalking in the Monts d&#8217;Arr\u00e9e and Finist\u00e8re\n\t<\/h3>\n\t<ul>\n<li>Located in the heart of Brittany&#8217;s 425,000 acre\u00a0<a href=\"http:\/\/www.pnr-armorique.fr\/\" target=\"_blank\" rel=\"noreferrer noopener\">parc national d'Armorique<\/a>, established in 1969 as the second park in France and still the only one in Brittany.\u00a0 Kergudon is surrounded by natural beauty and ideal territory for walking, hiking and rambling holidays in Brittany.The park includes four distinct areas of differing ecologies.\u00a0 Kergudon G\u00eetes &amp; Chambres d&#8217;H\u00f4tes is located in the Monts d&#8217;Arr\u00e9e region which includes the highest point of Brittany at Roc&#8217;h Ruz.\u00a0 Nearby, the 5 meter lower, Montagne St-Michel gives a fantastic view of the Monts d&#8217;Arr\u00e9e and the Black Mountains to the south.\u00a0 While forested around the g\u00eetes, the area becomes barren heathland pierced by rocky scarps as you gain height.\n<p>de votre chalet fran\u00e7ais et nous pouvons vous proposer des itin\u00e9raires allant de quelques kilom\u00e8tres \u00e0 une journ\u00e9e compl\u00e8te, ce qui en fait un endroit id\u00e9al pour vos vacances de randonn\u00e9e en Bretagne. Des randonn\u00e9es et des activit\u00e9s organis\u00e9es propos\u00e9 \u00e9galement par\u00a0<a href=\"http:\/\/www.arree-randos.com\/\" target=\"_blank\" rel=\"noreferrer noopener\">Addes \u00e0 Botmeur<\/a>.<\/p>\n<p>D'autres r\u00e9gions du parc naturel peuvent \u00eatre atteintes rapidement en voiture, ce qui permet de faire des promenades dans diff\u00e9rents environnements.  La presqu'\u00eele de Crozon, \u00e0 l'ouest, offre des promenades au sommet des falaises ou sur la c\u00f4te, avec des criques et des criques int\u00e9ressantes \u00e0 explorer.<\/p>\n<p>Des circuits suppl\u00e9mentaires peuvent \u00eatre recommand\u00e9s \u00e0 une courte distance des g\u00eetes de Kergudon, notamment les fascinantes formations rocheuses, la for\u00eat, la rivi\u00e8re et le lac de Huelgoat.<\/p>\nLe <a href=\"https:\/\/kergudon.com\/fr\/kergudon-gites-in-brittany-france\/\" target=\"_blank\" rel=\"noopener\">Local \u00e0 Bottes de Pluie<\/a> \u00e0 Kergudon offre \u00e0 ses h\u00f4tes la possibilit\u00e9 d'emprunter des bottes, de faire s\u00e9cher et de ranger des v\u00eatements mouill\u00e9s et de ranger des bottes pour la nuit.<\/li>\n<\/ul>\n<h2>\n\t\tCycling and VTT in the Monts d&#8217;Arr\u00e9e\n\t<\/h2>\n\t<p>France is a cycle-mad nation focused on the annual Tour De France. \u00a0While this doesn&#8217;t pass through Brittany every year, the Paris &#8211; Brest &#8211; Paris race, held every 4 years in August, passes through our closest market town of Sizun (8 mins drive away, varies by bike) on the final stage before arriving in Brest and again the first stage departing from the city.\u00a0 The next event is 2023.<\/p>\n<p>Si vous souhaitez suivre les traces des professionnels sur les pneus, ou simplement vous \u00e9loigner des g\u00eetes sans avoir apport\u00e9 de v\u00e9lo, Kergudon met gratuitement \u00e0 la disposition de ses h\u00f4tes un certain nombre de v\u00e9los afin que vous puissiez toujours profiter de vos vacances \u00e0 v\u00e9lo en Bretagne. (Kergudon ne fournit pas de casques de v\u00e9lo).<\/p>\n<p>More details about mountain biking (VTT) in the Monts d&#8217;Arr\u00e9e can be found Mountain Biking on holiday in Brittany.<\/p>\n<p>Toute personne en d\u00e9placement peut profiter des pique-niques que nous proposons, soit dans un panier en osier pour les conducteurs, soit dans un sac \u00e0 dos pour les cyclistes.<\/p>\n\t\t\t\t<img decoding=\"async\" data-src=\"https:\/\/b2861967.smushcdn.com\/2861967\/wp-content\/uploads\/2024\/05\/Brittany-Self-Catering-Hebergement-Sizun-2-1024x683.jpeg?lossy=1&strip=1&webp=1\" alt=\"Active sporty couple riding mountain bikes on forest trail .\" itemprop=\"image\" height=\"683\" width=\"1024\" title=\"Active sporty couple riding mountain bikes on forest trail .\" onerror=\"this.style.display='none'\" data-srcset=\"https:\/\/b2861967.smushcdn.com\/2861967\/wp-content\/uploads\/2024\/05\/Brittany-Self-Catering-Hebergement-Sizun-2-1024x683.jpeg?lossy=1&amp;strip=1&amp;webp=1 1024w, https:\/\/b2861967.smushcdn.com\/2861967\/wp-content\/uploads\/2024\/05\/Brittany-Self-Catering-Hebergement-Sizun-2-300x200.jpeg?lossy=1&amp;strip=1&amp;webp=1 300w, https:\/\/b2861967.smushcdn.com\/2861967\/wp-content\/uploads\/2024\/05\/Brittany-Self-Catering-Hebergement-Sizun-2-768x512.jpeg?lossy=1&amp;strip=1&amp;webp=1 768w, https:\/\/b2861967.smushcdn.com\/2861967\/wp-content\/uploads\/2024\/05\/Brittany-Self-Catering-Hebergement-Sizun-2-1536x1024.jpeg?lossy=1&amp;strip=1&amp;webp=1 1536w, https:\/\/b2861967.smushcdn.com\/2861967\/wp-content\/uploads\/2024\/05\/Brittany-Self-Catering-Hebergement-Sizun-2-2048x1365.jpeg?lossy=1&amp;strip=1&amp;webp=1 2048w, https:\/\/b2861967.smushcdn.com\/2861967\/wp-content\/uploads\/2024\/05\/Brittany-Self-Catering-Hebergement-Sizun-2-18x12.jpeg?lossy=1&amp;strip=1&amp;webp=1 18w, https:\/\/b2861967.smushcdn.com\/2861967\/wp-content\/uploads\/2024\/05\/Brittany-Self-Catering-Hebergement-Sizun-2.jpeg?size=512x342&amp;lossy=1&amp;strip=1&amp;webp=1 512w\" data-sizes=\"auto\" src=\"data:image\/svg+xml;base64,PHN2ZyB3aWR0aD0iMSIgaGVpZ2h0PSIxIiB4bWxucz0iaHR0cDovL3d3dy53My5vcmcvMjAwMC9zdmciPjwvc3ZnPg==\" class=\"lazyload\" style=\"--smush-placeholder-width: 1024px; --smush-placeholder-aspect-ratio: 1024\/683;\" data-original-sizes=\"(max-width: 1024px) 100vw, 1024px\" \/>\n\t\t\t\t<img decoding=\"async\" data-src=\"https:\/\/b2861967.smushcdn.com\/2861967\/wp-content\/uploads\/2024\/07\/gites-de-france-bretagne-finistere-Things-to-do-at-Kergudon-Gites-2.jpg?lossy=1&strip=1&webp=1\" alt=\"g\u00eetes de france bretagne finist\u00e8re Things to do at Kergudon Gites\" itemprop=\"image\" height=\"683\" width=\"1024\" title=\"g\u00eetes de france bretagne finist\u00e8re Things to do at Kergudon Gites\" onerror=\"this.style.display='none'\" data-srcset=\"https:\/\/b2861967.smushcdn.com\/2861967\/wp-content\/uploads\/2024\/07\/gites-de-france-bretagne-finistere-Things-to-do-at-Kergudon-Gites-2.jpg?lossy=1&amp;strip=1&amp;webp=1 1024w, https:\/\/b2861967.smushcdn.com\/2861967\/wp-content\/uploads\/2024\/07\/gites-de-france-bretagne-finistere-Things-to-do-at-Kergudon-Gites-2-300x200.jpg?lossy=1&amp;strip=1&amp;webp=1 300w, https:\/\/b2861967.smushcdn.com\/2861967\/wp-content\/uploads\/2024\/07\/gites-de-france-bretagne-finistere-Things-to-do-at-Kergudon-Gites-2-768x512.jpg?lossy=1&amp;strip=1&amp;webp=1 768w, https:\/\/b2861967.smushcdn.com\/2861967\/wp-content\/uploads\/2024\/07\/gites-de-france-bretagne-finistere-Things-to-do-at-Kergudon-Gites-2-18x12.jpg?lossy=1&amp;strip=1&amp;webp=1 18w, https:\/\/b2861967.smushcdn.com\/2861967\/wp-content\/uploads\/2024\/07\/gites-de-france-bretagne-finistere-Things-to-do-at-Kergudon-Gites-2.jpg?size=512x342&amp;lossy=1&amp;strip=1&amp;webp=1 512w\" data-sizes=\"auto\" src=\"data:image\/svg+xml;base64,PHN2ZyB3aWR0aD0iMSIgaGVpZ2h0PSIxIiB4bWxucz0iaHR0cDovL3d3dy53My5vcmcvMjAwMC9zdmciPjwvc3ZnPg==\" class=\"lazyload\" style=\"--smush-placeholder-width: 1024px; --smush-placeholder-aspect-ratio: 1024\/683;\" data-original-sizes=\"(max-width: 1024px) 100vw, 1024px\" \/>\n<h3>\n\t\t\u00c9QUITATION\n\t<\/h3>\n\t<ul>\n<li>Le Finist\u00e8re compte plus de 850 km de pistes cavali\u00e8res balis\u00e9es qui couvrent des paysages et des territoires vari\u00e9s.\n<p>Il existe un large choix de centres d'\u00e9quitation et de randonn\u00e9es \u00e0 proximit\u00e9 des g\u00eetes, en fonction de votre exp\u00e9rience et de la r\u00e9gion que vous souhaitez traverser.<\/p>\n<p>Ferme Equestre Randoloisirs, Kerinizan, 29450 Sizun Tel: 02 98 68 89 98<\/p>\nCentre Equestre d&#8217;Arr\u00e9e, Garzuel, 29190 Brasparts Tel: 02 98 81 47 34<\/li>\n<\/ul>\n<h3>\n\t\tCONDUITE AUTOMOBILE\n\t<\/h3>\n\t<p>Driving itself becomes a pleasure again on Finist\u00e8re&#8217;s well maintained and near-deserted roads. \u00a0Anyone looking for a beautiful driving holiday in Brittany need look no further than Finist\u00e8re.<\/p>\n<p>There are many great driving routes for classic and sports car enthusiasts alike which can be recommended taking in stunning rural or coastal views &#8211; or both &#8211; for a few hours or a full day. Kergudon G\u00eetes &amp; Chambres d&#8217;H\u00f4tes is an excellent base for your driving holiday in Brittany and we have ample off street parking for classic cars and our g\u00eetes are suited perfectly for a group booking so that you can all tour in convoy!<\/p>\n\t\t\t\t<img decoding=\"async\" data-src=\"https:\/\/b2861967.smushcdn.com\/2861967\/wp-content\/uploads\/2024\/07\/gites-de-france-bretagne-finistere-Things-to-do-at-Kergudon-Gites-3.jpg?lossy=1&strip=1&webp=1\" alt=\"g\u00eetes de france bretagne finist\u00e8re Things to do at Kergudon Gites\" itemprop=\"image\" height=\"683\" width=\"1024\" title=\"g\u00eetes de france bretagne finist\u00e8re Things to do at Kergudon Gites\" onerror=\"this.style.display='none'\" data-srcset=\"https:\/\/b2861967.smushcdn.com\/2861967\/wp-content\/uploads\/2024\/07\/gites-de-france-bretagne-finistere-Things-to-do-at-Kergudon-Gites-3.jpg?lossy=1&amp;strip=1&amp;webp=1 1024w, https:\/\/b2861967.smushcdn.com\/2861967\/wp-content\/uploads\/2024\/07\/gites-de-france-bretagne-finistere-Things-to-do-at-Kergudon-Gites-3-300x200.jpg?lossy=1&amp;strip=1&amp;webp=1 300w, https:\/\/b2861967.smushcdn.com\/2861967\/wp-content\/uploads\/2024\/07\/gites-de-france-bretagne-finistere-Things-to-do-at-Kergudon-Gites-3-768x512.jpg?lossy=1&amp;strip=1&amp;webp=1 768w, https:\/\/b2861967.smushcdn.com\/2861967\/wp-content\/uploads\/2024\/07\/gites-de-france-bretagne-finistere-Things-to-do-at-Kergudon-Gites-3-18x12.jpg?lossy=1&amp;strip=1&amp;webp=1 18w, https:\/\/b2861967.smushcdn.com\/2861967\/wp-content\/uploads\/2024\/07\/gites-de-france-bretagne-finistere-Things-to-do-at-Kergudon-Gites-3.jpg?size=512x342&amp;lossy=1&amp;strip=1&amp;webp=1 512w\" data-sizes=\"auto\" src=\"data:image\/svg+xml;base64,PHN2ZyB3aWR0aD0iMSIgaGVpZ2h0PSIxIiB4bWxucz0iaHR0cDovL3d3dy53My5vcmcvMjAwMC9zdmciPjwvc3ZnPg==\" class=\"lazyload\" style=\"--smush-placeholder-width: 1024px; --smush-placeholder-aspect-ratio: 1024\/683;\" data-original-sizes=\"(max-width: 1024px) 100vw, 1024px\" \/>","protected":false},"excerpt":{"rendered":"<p>Things to do while staying in one of our holiday rentals in Brittany Staying at Kergudon, in one of our holiday rentals in Brittany, gives you a peaceful and tranquil base where you can lie back and relax or from where you can explore the region. Being\u00a0in the centre of beautiful Breton countryside it is&hellip;<\/p>","protected":false},"author":1,"featured_media":0,"parent":0,"menu_order":0,"comment_status":"closed","ping_status":"closed","template":"","meta":{"footnotes":""},"class_list":["post-3483","page","type-page","status-publish","hentry"],"_links":{"self":[{"href":"https:\/\/kergudon.com\/fr\/wp-json\/wp\/v2\/pages\/3483","targetHints":{"allow":["GET"]}}],"collection":[{"href":"https:\/\/kergudon.com\/fr\/wp-json\/wp\/v2\/pages"}],"about":[{"href":"https:\/\/kergudon.com\/fr\/wp-json\/wp\/v2\/types\/page"}],"author":[{"embeddable":true,"href":"https:\/\/kergudon.com\/fr\/wp-json\/wp\/v2\/users\/1"}],"replies":[{"embeddable":true,"href":"https:\/\/kergudon.com\/fr\/wp-json\/wp\/v2\/comments?post=3483"}],"version-history":[{"count":11,"href":"https:\/\/kergudon.com\/fr\/wp-json\/wp\/v2\/pages\/3483\/revisions"}],"predecessor-version":[{"id":8991,"href":"https:\/\/kergudon.com\/fr\/wp-json\/wp\/v2\/pages\/3483\/revisions\/8991"}],"wp:attachment":[{"href":"https:\/\/kergudon.com\/fr\/wp-json\/wp\/v2\/media?parent=3483"}],"curies":[{"name":"wp","href":"https:\/\/api.w.org\/{rel}","templated":true}]}}