{"id":3522,"date":"2020-05-26T10:08:20","date_gmt":"2020-05-26T10:08:20","guid":{"rendered":"https:\/\/www.kergudon.com\/?page_id=3522"},"modified":"2025-05-10T18:06:14","modified_gmt":"2025-05-10T18:06:14","slug":"french-country-cottages","status":"publish","type":"page","link":"https:\/\/kergudon.com\/fr\/french-country-cottages\/","title":{"rendered":"Offres S\u00e9jours"},"content":{"rendered":"<h3>\n\t\tCourts s\u00e9jours et vacances saisonni\u00e8res magiques dans le Finist\u00e8re\n\t<\/h3>\n\t\t\t\t<a href=\"https:\/\/kergudon.com\/fr\/gites-to-rent-in-brittany-for-easter\/\" target=\"_blank\" rel=\"noopener\" itemprop=\"url\">\n\t\t\t\t<img decoding=\"async\" data-src=\"https:\/\/b2861967.smushcdn.com\/2861967\/wp-content\/uploads\/2024\/07\/Easter-Holiday-Cottage-to-rent-in-Brittany.jpg?lossy=1&strip=1&webp=1\" alt=\"Location de g\u00eetes de P\u00e2ques en Bretagne\" itemprop=\"image\" height=\"683\" width=\"1024\" title=\"Location de g\u00eetes de P\u00e2ques en Bretagne\" onerror=\"this.style.display='none'\" data-srcset=\"https:\/\/b2861967.smushcdn.com\/2861967\/wp-content\/uploads\/2024\/07\/Easter-Holiday-Cottage-to-rent-in-Brittany.jpg?lossy=1&amp;strip=1&amp;webp=1 1024w, https:\/\/b2861967.smushcdn.com\/2861967\/wp-content\/uploads\/2024\/07\/Easter-Holiday-Cottage-to-rent-in-Brittany-300x200.jpg?lossy=1&amp;strip=1&amp;webp=1 300w, https:\/\/b2861967.smushcdn.com\/2861967\/wp-content\/uploads\/2024\/07\/Easter-Holiday-Cottage-to-rent-in-Brittany-768x512.jpg?lossy=1&amp;strip=1&amp;webp=1 768w, https:\/\/b2861967.smushcdn.com\/2861967\/wp-content\/uploads\/2024\/07\/Easter-Holiday-Cottage-to-rent-in-Brittany-18x12.jpg?lossy=1&amp;strip=1&amp;webp=1 18w, https:\/\/b2861967.smushcdn.com\/2861967\/wp-content\/uploads\/2024\/07\/Easter-Holiday-Cottage-to-rent-in-Brittany.jpg?size=512x342&amp;lossy=1&amp;strip=1&amp;webp=1 512w\" data-sizes=\"auto\" src=\"data:image\/svg+xml;base64,PHN2ZyB3aWR0aD0iMSIgaGVpZ2h0PSIxIiB4bWxucz0iaHR0cDovL3d3dy53My5vcmcvMjAwMC9zdmciPjwvc3ZnPg==\" class=\"lazyload\" style=\"--smush-placeholder-width: 1024px; --smush-placeholder-aspect-ratio: 1024\/683;\" data-original-sizes=\"(max-width: 1024px) 100vw, 1024px\" \/>\n\t\t\t\t<\/a>\n<h3><a href=\"https:\/\/kergudon.com\/fr\/gites-to-rent-in-brittany-for-easter\/\" target=\"_blank\" rel=\"noopener\">Location de vacances de P\u00e2ques Finist\u00e8re<\/a><\/h3><p>Le Kergudon et le Finist\u00e8re sont tr\u00e8s beaux au printemps, ce qui fait de nos g\u00eetes l'endroit id\u00e9al pour vos vacances de P\u00e2ques en famille en France.<\/p>\n<p>Les jardins de Kergudon s'\u00e9tendent sur un peu plus d'un hectare et, dans la p\u00e9riode pr\u00e9c\u00e9dant P\u00e2ques, les arbres, les fleurs et les oiseaux chanteurs commencent \u00e0 prendre vie, faisant de Kergudon un lieu magique pour vos vacances en g\u00eete dans le Finist\u00e8re et des vacances de P\u00e2ques magiques en Bretagne.<\/p>\n<a href=\"https:\/\/kergudon.com\/fr\/gites-to-rent-in-brittany-for-easter\/\" rel=\"noopener\" target=\"_blank\">En savoir plus<\/a>\t\n\t\t\t\t<a href=\"https:\/\/kergudon.com\/fr\/french-cottages-christmas-new-year\/\" target=\"_blank\" rel=\"noopener\" itemprop=\"url\">\n\t\t\t\t<img decoding=\"async\" data-src=\"https:\/\/b2861967.smushcdn.com\/2861967\/wp-content\/uploads\/2024\/07\/Christmas-in-France-Christmas-in-Brittany-gite-noel-bretagne-gite-nouvel-an.jpg?lossy=1&strip=1&webp=1\" alt=\"No\u00ebl en France No\u00ebl en Bretagne g\u00eete noel bretagne g\u00eete nouvel an\" itemprop=\"image\" height=\"683\" width=\"1024\" title=\"No\u00ebl en France No\u00ebl en Bretagne g\u00eete noel bretagne g\u00eete nouvel an\" onerror=\"this.style.display='none'\" data-srcset=\"https:\/\/b2861967.smushcdn.com\/2861967\/wp-content\/uploads\/2024\/07\/Christmas-in-France-Christmas-in-Brittany-gite-noel-bretagne-gite-nouvel-an.jpg?lossy=1&amp;strip=1&amp;webp=1 1024w, https:\/\/b2861967.smushcdn.com\/2861967\/wp-content\/uploads\/2024\/07\/Christmas-in-France-Christmas-in-Brittany-gite-noel-bretagne-gite-nouvel-an-300x200.jpg?lossy=1&amp;strip=1&amp;webp=1 300w, https:\/\/b2861967.smushcdn.com\/2861967\/wp-content\/uploads\/2024\/07\/Christmas-in-France-Christmas-in-Brittany-gite-noel-bretagne-gite-nouvel-an-768x512.jpg?lossy=1&amp;strip=1&amp;webp=1 768w, https:\/\/b2861967.smushcdn.com\/2861967\/wp-content\/uploads\/2024\/07\/Christmas-in-France-Christmas-in-Brittany-gite-noel-bretagne-gite-nouvel-an-18x12.jpg?lossy=1&amp;strip=1&amp;webp=1 18w, https:\/\/b2861967.smushcdn.com\/2861967\/wp-content\/uploads\/2024\/07\/Christmas-in-France-Christmas-in-Brittany-gite-noel-bretagne-gite-nouvel-an.jpg?size=512x342&amp;lossy=1&amp;strip=1&amp;webp=1 512w\" data-sizes=\"auto\" src=\"data:image\/svg+xml;base64,PHN2ZyB3aWR0aD0iMSIgaGVpZ2h0PSIxIiB4bWxucz0iaHR0cDovL3d3dy53My5vcmcvMjAwMC9zdmciPjwvc3ZnPg==\" class=\"lazyload\" style=\"--smush-placeholder-width: 1024px; --smush-placeholder-aspect-ratio: 1024\/683;\" data-original-sizes=\"(max-width: 1024px) 100vw, 1024px\" \/>\n\t\t\t\t<\/a>\n<h3><a href=\"https:\/\/kergudon.com\/fr\/french-cottages-christmas-new-year\/\" target=\"_blank\" rel=\"noopener\">G\u00eete No\u00ebl Bretagne<\/a><\/h3><p>Pour une escapade festive parfaite, vous pouvez profiter de vos c\u00e9l\u00e9brations de No\u00ebl et du Nouvel An dans un confortable gite fran\u00e7ais.<\/p>\n<p>Whether you&#8217;re looking for a cosy cottage for 2 or a French g\u00eete with character large enough to house the whole family, you will find what you need in our small collection of g\u00eetes at Kergudon<\/p>\n<a href=\"https:\/\/kergudon.com\/fr\/french-cottages-christmas-new-year\/\" rel=\"noopener\" target=\"_blank\">En savoir plus<\/a>\t\n\t\t\t\t<a href=\"https:\/\/kergudon.com\/fr\/long-weekend-breaks-in-france\/\" target=\"_blank\" rel=\"noopener\" itemprop=\"url\">\n\t\t\t\t<img decoding=\"async\" data-src=\"https:\/\/b2861967.smushcdn.com\/2861967\/wp-content\/uploads\/2024\/07\/Long-Weekend-Breaks-in-France-Short-Breaks-in-Brittany-weekend-en-amoureux-bretagne-court-sejours-bretagne.jpg?lossy=1&strip=1&webp=1\" alt=\"Longs week-ends en France Courts s\u00e9jours en Bretagne week-ends en amoureux bretagne courts s\u00e9jours bretagne\" itemprop=\"image\" height=\"683\" width=\"1024\" title=\"Longs week-ends en France Courts s\u00e9jours en Bretagne week-ends en amoureux bretagne courts s\u00e9jours bretagne\" onerror=\"this.style.display='none'\" data-srcset=\"https:\/\/b2861967.smushcdn.com\/2861967\/wp-content\/uploads\/2024\/07\/Long-Weekend-Breaks-in-France-Short-Breaks-in-Brittany-weekend-en-amoureux-bretagne-court-sejours-bretagne.jpg?lossy=1&amp;strip=1&amp;webp=1 1024w, https:\/\/b2861967.smushcdn.com\/2861967\/wp-content\/uploads\/2024\/07\/Long-Weekend-Breaks-in-France-Short-Breaks-in-Brittany-weekend-en-amoureux-bretagne-court-sejours-bretagne-300x200.jpg?lossy=1&amp;strip=1&amp;webp=1 300w, https:\/\/b2861967.smushcdn.com\/2861967\/wp-content\/uploads\/2024\/07\/Long-Weekend-Breaks-in-France-Short-Breaks-in-Brittany-weekend-en-amoureux-bretagne-court-sejours-bretagne-768x512.jpg?lossy=1&amp;strip=1&amp;webp=1 768w, https:\/\/b2861967.smushcdn.com\/2861967\/wp-content\/uploads\/2024\/07\/Long-Weekend-Breaks-in-France-Short-Breaks-in-Brittany-weekend-en-amoureux-bretagne-court-sejours-bretagne-18x12.jpg?lossy=1&amp;strip=1&amp;webp=1 18w, https:\/\/b2861967.smushcdn.com\/2861967\/wp-content\/uploads\/2024\/07\/Long-Weekend-Breaks-in-France-Short-Breaks-in-Brittany-weekend-en-amoureux-bretagne-court-sejours-bretagne.jpg?size=512x342&amp;lossy=1&amp;strip=1&amp;webp=1 512w\" data-sizes=\"auto\" src=\"data:image\/svg+xml;base64,PHN2ZyB3aWR0aD0iMSIgaGVpZ2h0PSIxIiB4bWxucz0iaHR0cDovL3d3dy53My5vcmcvMjAwMC9zdmciPjwvc3ZnPg==\" class=\"lazyload\" style=\"--smush-placeholder-width: 1024px; --smush-placeholder-aspect-ratio: 1024\/683;\" data-original-sizes=\"(max-width: 1024px) 100vw, 1024px\" \/>\n\t\t\t\t<\/a>\n<h3><a href=\"https:\/\/kergudon.com\/fr\/long-weekend-breaks-in-france\/\" target=\"_blank\" rel=\"noopener\">Weekend Cocooning en Bretagne<\/a><\/h3><p>Profitez de longs week-ends cocooning dans le Finistere. Plongez dans des exp\u00e9riences inoubliables qui vous aideront \u00e0 vous d\u00e9tendre et \u00e0 vous relaxer ou qui r\u00e9veilleront l'aventurier qui sommeille en vous. D\u00e9couvrez les magnifiques villes et villages bretons entour\u00e9s d'une campagne et de for\u00eats intactes. Pour une escapade romantique d'un week-end ou des courtes s\u00e9jours cocooning pour vous \u00e9vader, commencez \u00e0 planifier votre prochain week-end cocooning en Bretagne d\u00e8s aujourd'hui.<\/p>\n<a href=\"https:\/\/kergudon.com\/fr\/long-weekend-breaks-in-france\/\" rel=\"noopener\" target=\"_blank\">En savoir plus<\/a>\t\n\t\t<h3>Pr\u00eat \u00e0 en savoir plus ? Organisez d\u00e8s maintenant votre s\u00e9jour magique en Bretagne !<\/h3>\n\t\t<p>Nos magnifiques Location de G\u00eete en Bretagne sont parfaits pour des vacances dans le Finist\u00e8re. Kergudon est ouvert toute l'ann\u00e9e et offre un m\u00e9lange de luxe, de charme et d'histoire, le tout dans un endroit magnifique, dans une r\u00e9gion d'une beaut\u00e9 naturelle exceptionnelle. Nos g\u00eetes de Kergudon sont la destination id\u00e9ale pour vos vacances dans le Finist\u00e8re.<\/p>\n<h3>G\u00eete No\u00ebl Bretagne<\/h3>\n<p>Regarder les saisons changer au cours de l'ann\u00e9e apporte chaque jour quelque chose d'int\u00e9ressant, que ce soit une nouvelle vie et des pousses vertes de croissance au printemps, des fleurs d'\u00e9t\u00e9 aux rouges et bruns automnaux.<\/p>\n<p>As the seasons change so too can the activities you can participate in.\u00a0 The long, hot summer&#8217;s days are perfect for those who like to swim in the lake or sea, while the longer, cooler autumn and winter nights encourage you to snuggle up in the cosy French holiday cottages in front of the log burning fire with a glass of something warming and a good book making a picture perfect winter self-catering holiday in Brittany.<\/p>\n\t\t\t<a href=\"mailto:contact@kergudon.com\" target=\"_blank\" rel=\"noopener\">\n\t\t\t\t\t\tContactez-nous\n\t\t\t\t\t<\/a>\n\t<meta itemprop=\"url\" content=\"https:\/\/kergudon.com\/wp-content\/uploads\/2024\/07\/Holiday-Cottage-to-Rent-in-France-for-Christmas.mp4\" \/><div style=\"width: 640px;\" class=\"wp-video\"><video class=\"wp-video-shortcode\" id=\"video-3522-1\" width=\"640\" height=\"360\" preload=\"metadata\" controls=\"controls\"><source type=\"video\/mp4\" src=\"https:\/\/kergudon.com\/wp-content\/uploads\/2024\/07\/Holiday-Cottage-to-Rent-in-France-for-Christmas.mp4?_=1\" \/><a href=\"https:\/\/kergudon.com\/wp-content\/uploads\/2024\/07\/Holiday-Cottage-to-Rent-in-France-for-Christmas.mp4\">https:\/\/kergudon.com\/wp-content\/uploads\/2024\/07\/Holiday-Cottage-to-Rent-in-France-for-Christmas.mp4<\/a><\/video><\/div>","protected":false},"excerpt":{"rendered":"<p>Magical Seasonal Breaks and Holidays Family Easter Holidays in Brittany Kergudon, and Finist\u00e8re, look lovely in the spring time which makes our g\u00eetes the perfect location for your family Easter holiday in France. The gardens at Kergudon cover just over an acre and in the run up to Easter the trees, flowers and song birds&hellip;<\/p>","protected":false},"author":1,"featured_media":0,"parent":0,"menu_order":0,"comment_status":"closed","ping_status":"closed","template":"","meta":{"footnotes":""},"class_list":["post-3522","page","type-page","status-publish","hentry"],"_links":{"self":[{"href":"https:\/\/kergudon.com\/fr\/wp-json\/wp\/v2\/pages\/3522","targetHints":{"allow":["GET"]}}],"collection":[{"href":"https:\/\/kergudon.com\/fr\/wp-json\/wp\/v2\/pages"}],"about":[{"href":"https:\/\/kergudon.com\/fr\/wp-json\/wp\/v2\/types\/page"}],"author":[{"embeddable":true,"href":"https:\/\/kergudon.com\/fr\/wp-json\/wp\/v2\/users\/1"}],"replies":[{"embeddable":true,"href":"https:\/\/kergudon.com\/fr\/wp-json\/wp\/v2\/comments?post=3522"}],"version-history":[{"count":13,"href":"https:\/\/kergudon.com\/fr\/wp-json\/wp\/v2\/pages\/3522\/revisions"}],"predecessor-version":[{"id":8961,"href":"https:\/\/kergudon.com\/fr\/wp-json\/wp\/v2\/pages\/3522\/revisions\/8961"}],"wp:attachment":[{"href":"https:\/\/kergudon.com\/fr\/wp-json\/wp\/v2\/media?parent=3522"}],"curies":[{"name":"wp","href":"https:\/\/api.w.org\/{rel}","templated":true}]}}