{"id":3535,"date":"2020-06-04T09:32:28","date_gmt":"2020-06-04T09:32:28","guid":{"rendered":"https:\/\/www.kergudon.com\/?page_id=3535"},"modified":"2025-12-22T12:58:06","modified_gmt":"2025-12-22T12:58:06","slug":"terms-of-booking","status":"publish","type":"page","link":"https:\/\/kergudon.com\/fr\/terms-of-booking\/","title":{"rendered":"Terms Of Booking"},"content":{"rendered":"<h1><strong>Conditions G\u00e9n\u00e9rales des G\u00eetes de Kergudon 2026<\/strong><\/h1>\n<p>En versant l'acompte de 50 % (ou la totalit\u00e9 du montant de la location en cas de r\u00e9servation tardive), le locataire confirme avoir lu et accept\u00e9 les pr\u00e9sentes conditions g\u00e9n\u00e9rales.<\/p>\n<p>&nbsp;<\/p>\n<ol>\n<li>Les r\u00e9servations seront confirm\u00e9es par e-mail apr\u00e8s versement d'un acompte non remboursable de 50 % (paiement int\u00e9gral si la r\u00e9servation est effectu\u00e9e dans les 4 semaines pr\u00e9c\u00e9dant le s\u00e9jour).<\/li>\n<\/ol>\n<p>&nbsp;<\/p>\n<ol start=\"2\">\n<li>Nous nous r\u00e9servons le droit de refuser toute r\u00e9servation que nous consid\u00e9rons comme inappropri\u00e9e pour notre propri\u00e9t\u00e9.<\/li>\n<\/ol>\n<p>&nbsp;<\/p>\n<ol start=\"3\">\n<li>Les tarifs sont ceux indiqu\u00e9s, mais nous nous r\u00e9servons le droit de corriger toute erreur.<\/li>\n<\/ol>\n<p>&nbsp;<\/p>\n<ol start=\"4\">\n<li>Le solde est payable au plus tard 14 jours avant la date d'arriv\u00e9e.<\/li>\n<\/ol>\n<p>&nbsp;<\/p>\n<ol start=\"5\">\n<li>Votre r\u00e9servation est valable uniquement pour le nombre de personnes indiqu\u00e9 dans votre e-mail de confirmation (pour les r\u00e9servations directes) ou pour le nombre de personnes d\u00e9clar\u00e9 lors de votre r\u00e9servation si vous avez r\u00e9serv\u00e9 via une agence en ligne.<\/li>\n<\/ol>\n<p>&nbsp;<\/p>\n<ol start=\"6\">\n<li>Additional guests will only be accommodated with our prior approval.\u00a0 If our approval is not given and additional guests are accommodated they will be asked to leave, a reduction will be made from your damage deposit and we reserve the right to cancel the remainder of the booking.\u00a0 Maximum capacities of our accommodation (excluding babies) are Priory and Granary &#8211; six (6) people; Hayloft and Stable &#8211; two (2) people.<\/li>\n<\/ol>\n<p>&nbsp;<\/p>\n<ol start=\"7\">\n<li>Conform\u00e9ment \u00e0 la l\u00e9gislation fran\u00e7aise, tous les clients \u00e2g\u00e9s de 18 ans et plus devront fournir leur nom complet et leur adresse postale.<\/li>\n<\/ol>\n<p>&nbsp;<\/p>\n<ol start=\"8\">\n<li>Au moment du paiement du solde, nous vous demanderons une caution remboursable de 250 \u20ac (350 \u20ac pour les clients s\u00e9journant avec des chiens).<\/li>\n<\/ol>\n<p>&nbsp;<\/p>\n<ol start=\"9\">\n<li>Les cautions de s\u00e9curit\u00e9\/dommages seront rembours\u00e9es dans les 48 heures suivant le d\u00e9part par virement bancaire, sous r\u00e9serve d'une inspection par Kergudon G\u00eetes. Toute d\u00e9duction propos\u00e9e sera discut\u00e9e avec le client avant le remboursement.<\/li>\n<\/ol>\n<p>&nbsp;<\/p>\n<ol start=\"10\">\n<li>In the event of excessive damage caused during a guest&#8217;s stay, Kergudon reserves the right to claim compensation in excess of the damage deposit held.<\/li>\n<\/ol>\n<p>&nbsp;<\/p>\n<ol start=\"11\">\n<li>Votre p\u00e9riode de location commence \u00e0 16h30 le jour de votre arriv\u00e9e (comme indiqu\u00e9 dans votre e-mail de confirmation) et se termine \u00e0 10h00 le jour de votre d\u00e9part (comme indiqu\u00e9 dans votre e-mail de confirmation).  Toute modification des heures d'arriv\u00e9e et de d\u00e9part doit faire l'objet d'un accord pr\u00e9alable. Nous ferons tout notre possible pour r\u00e9pondre \u00e0 ces demandes, mais cela ne sera pas toujours possible.<\/li>\n<\/ol>\n<p>&nbsp;<\/p>\n<ol start=\"12\">\n<li>On departure the property is to be left in the same state of tidiness and cleanliness that it was presented on arrival. &#8216;End of stay cleaning&#8217; can be booked in advance for an additional fee but we ask for at least 72 hours notice prior to your departure (Priory and Granary G\u00eetes &#8211; 75\u20ac; Hayloft G\u00eete &#8211; 60\u20ac).<\/li>\n<\/ol>\n<p>&nbsp;<\/p>\n<ol start=\"13\">\n<li>Si, \u00e0 votre d\u00e9part, votre g\u00eete n\u00e9cessite un m\u00e9nage professionnel suppl\u00e9mentaire, des frais de 100 \u20ac seront d\u00e9duits de votre caution.<\/li>\n<\/ol>\n<p>&nbsp;<\/p>\n<ol start=\"14\">\n<li>Nous avons des r\u00e8gles distinctes qui r\u00e9gissent l'utilisation de la piscine.  Elles sont disponibles dans l'espace client de notre site web et, dans la mesure du possible, elles seront \u00e9galement envoy\u00e9es par e-mail au locataire principal avant votre arriv\u00e9e.  Nous demanderons qu'une copie de ces r\u00e8gles soit sign\u00e9e par un membre de votre groupe avant que l'acc\u00e8s \u00e0 la piscine ne soit autoris\u00e9.<\/li>\n<\/ol>\n<p>&nbsp;<\/p>\n<ol start=\"15\">\n<li>L'utilisation de la salle de fitness est strictement r\u00e9serv\u00e9e aux adultes de plus de 18 ans. Tout client souhaitant utiliser la salle de fitness doit signer une d\u00e9charge avant de pouvoir acc\u00e9der \u00e0 l'installation.<\/li>\n<\/ol>\n<p>&nbsp;<\/p>\n<ol start=\"16\">\n<li>Les enfants de moins de 10 ans utilisant la salle de jeux familiale doivent \u00eatre accompagn\u00e9s d'un adulte \u00e0 tout moment.<\/li>\n<\/ol>\n<p>&nbsp;<\/p>\n<ol start=\"17\">\n<li>Les chiens sont accept\u00e9s dans nos deux g\u00eetes adapt\u00e9s aux animaux (Priory et Hayloft) sur accord pr\u00e9alable.  Nous facturons un petit suppl\u00e9ment de 20 \u20ac par chien et par s\u00e9jour.  Nous n'acceptons pas les autres animaux domestiques.<\/li>\n<\/ol>\n<p>&nbsp;<\/p>\n<ol start=\"18\">\n<li>Les chiens ne doivent \u00e0 aucun moment \u00eatre laiss\u00e9s sans surveillance dans le g\u00eete, sauf s'ils sont enferm\u00e9s dans une cage de transport.<\/li>\n<\/ol>\n<p>&nbsp;<\/p>\n<ol start=\"19\">\n<li>Nous comprenons que des accidents peuvent arriver. Tous les dommages n'entra\u00eeneront pas n\u00e9cessairement une d\u00e9duction sur votre caution, mais veuillez signaler les casses et les dommages afin qu'ils puissent \u00eatre remplac\u00e9s ou r\u00e9par\u00e9s \u00e0 temps pour nos prochains clients.<\/li>\n<\/ol>\n<p>&nbsp;<\/p>\n<ol start=\"20\">\n<li>Les parents restent responsables du comportement de leurs enfants et des autres enfants de leur groupe pendant toute la dur\u00e9e de leur s\u00e9jour.  Veuillez vous assurer que tous les enfants savent quelles sont les zones attribu\u00e9es au g\u00eete que vous louez, quelles sont les zones communes et quelles sont les zones attribu\u00e9es aux autres g\u00eetes afin de ne pas d\u00e9ranger les autres clients.<\/li>\n<\/ol>\n<p>&nbsp;<\/p>\n<ol start=\"21\">\n<li>Nous regrettons de ne pouvoir \u00eatre tenus pour responsables de l'interruption de services tels que l'internet, l'\u00e9lectricit\u00e9 ou l'eau. Dans le cas peu probable o\u00f9 ces interruptions se produiraient, nous nous efforcerons de faire de notre mieux pour r\u00e9soudre le probl\u00e8me le plus rapidement possible.<\/li>\n<\/ol>\n<p>&nbsp;<\/p>\n<ol start=\"22\">\n<li>Les propri\u00e9taires des G\u00eetes Kergudon ne peuvent \u00eatre tenus responsables des pertes ou dommages caus\u00e9s \u00e0 vous-m\u00eame, \u00e0 vos biens ou \u00e0 votre v\u00e9hicule, quelle qu'en soit la cause.  Nous vous recommandons vivement de souscrire une assurance vacances qui vous couvre pour tous les accidents.<\/li>\n<\/ol>\n<p>&nbsp;<\/p>\n<ol start=\"23\">\n<li>Les propri\u00e9taires des G\u00eetes Kergudon ne peuvent \u00eatre tenus responsables des circonstances ind\u00e9pendantes de leur volont\u00e9, telles que les vols et les ferries annul\u00e9s ou retard\u00e9s, les conditions m\u00e9t\u00e9orologiques d\u00e9favorables, etc., qui vous emp\u00eachent d'arriver \u00e0 la propri\u00e9t\u00e9 pendant la p\u00e9riode de votre r\u00e9servation.<\/li>\n<\/ol>\n<p>&nbsp;<\/p>\n<ol start=\"24\">\n<li>Les propri\u00e9taires des G\u00eetes Kergudon se r\u00e9servent le droit de mettre fin \u00e0 votre s\u00e9jour si vous ou les membres de votre groupe \u00eates consid\u00e9r\u00e9s comme causant une nuisance aux autres clients ou ne traitant pas la propri\u00e9t\u00e9 avec le respect qui lui est d\u00fb. Dans ce cas, aucun remboursement ne sera effectu\u00e9 pour la partie non utilis\u00e9e du s\u00e9jour.<\/li>\n<\/ol>\n<p>&nbsp;<\/p>\n<ol start=\"25\">\n<li>Les G\u00eetes Kergudon respectent votre droit \u00e0 la vie priv\u00e9e pendant votre s\u00e9jour dans la propri\u00e9t\u00e9, mais se r\u00e9servent le droit d'y p\u00e9n\u00e9trer si cela s'av\u00e8re n\u00e9cessaire pour effectuer des r\u00e9parations urgentes.  Nous ferons tout notre possible pour vous informer si nous sommes amen\u00e9s \u00e0 acc\u00e9der \u00e0 la propri\u00e9t\u00e9 pendant la dur\u00e9e de votre r\u00e9servation.<\/li>\n<\/ol>\n<p>&nbsp;<\/p>\n<ol start=\"26\">\n<li>Une fois que l'acompte et\/ou le solde ont \u00e9t\u00e9 pay\u00e9s, ils ne sont pas remboursables.  Si vous devez annuler, nous nous efforcerons de revendre les dates pr\u00e9c\u00e9demment r\u00e9serv\u00e9es pour vous.  Si nous parvenons \u00e0 revendre certaines dates, nous vous rembourserons ce que nous avons r\u00e9ussi \u00e0 revendre.  Si nous ne parvenons pas \u00e0 revendre certaines dates, nous vous fournirons tous les documents n\u00e9cessaires pour appuyer une demande de remboursement aupr\u00e8s de votre assurance vacances.<\/li>\n<\/ol>\n<p>&nbsp;<\/p>\n<p>Mis \u00e0 jour en d\u00e9cembre 2025.<\/p>","protected":false},"excerpt":{"rendered":"<p>Gites de Kergudon Terms &amp; Conditions 2026 By paying the 50% booking deposit (or entire rental in case of a late notice booking) the renter confirms that they have read and agreed with these terms and conditions. &nbsp; Bookings will be confirmed by email on payment of a 50% non-refundable deposit (full payment if reservation&hellip;<\/p>","protected":false},"author":1,"featured_media":0,"parent":0,"menu_order":0,"comment_status":"closed","ping_status":"closed","template":"","meta":{"footnotes":""},"class_list":["post-3535","page","type-page","status-publish","hentry"],"_links":{"self":[{"href":"https:\/\/kergudon.com\/fr\/wp-json\/wp\/v2\/pages\/3535","targetHints":{"allow":["GET"]}}],"collection":[{"href":"https:\/\/kergudon.com\/fr\/wp-json\/wp\/v2\/pages"}],"about":[{"href":"https:\/\/kergudon.com\/fr\/wp-json\/wp\/v2\/types\/page"}],"author":[{"embeddable":true,"href":"https:\/\/kergudon.com\/fr\/wp-json\/wp\/v2\/users\/1"}],"replies":[{"embeddable":true,"href":"https:\/\/kergudon.com\/fr\/wp-json\/wp\/v2\/comments?post=3535"}],"version-history":[{"count":11,"href":"https:\/\/kergudon.com\/fr\/wp-json\/wp\/v2\/pages\/3535\/revisions"}],"predecessor-version":[{"id":10296,"href":"https:\/\/kergudon.com\/fr\/wp-json\/wp\/v2\/pages\/3535\/revisions\/10296"}],"wp:attachment":[{"href":"https:\/\/kergudon.com\/fr\/wp-json\/wp\/v2\/media?parent=3535"}],"curies":[{"name":"wp","href":"https:\/\/api.w.org\/{rel}","templated":true}]}}