{"id":3965,"date":"2020-09-13T07:17:49","date_gmt":"2020-09-13T07:17:49","guid":{"rendered":"https:\/\/www.kergudon.com\/?page_id=3965"},"modified":"2025-05-10T18:03:59","modified_gmt":"2025-05-10T18:03:59","slug":"gites-to-rent-in-brittany-for-easter","status":"publish","type":"page","link":"https:\/\/kergudon.com\/fr\/gites-to-rent-in-brittany-for-easter\/","title":{"rendered":"G\u00eetes to rent in Brittany for Easter"},"content":{"rendered":"<h2>\n\t\tG\u00eete pour P\u00e2ques\n\t<\/h2>\n\t<p>Kergudon est tr\u00e8s beau au printemps, ce qui fait de nos g\u00eetes \u00e0 louer en Bretagne \u00e0 Kergudon l'endroit id\u00e9al pour vos vacances de P\u00e2ques en famille dans le Finist\u00e8re. Les jardins de Kergudon s'\u00e9tendent sur un peu plus d'un hectare et pendant la p\u00e9riode pr\u00e9c\u00e9dant P\u00e2ques, les arbres, les fleurs et les oiseaux chanteurs commencent \u00e0 s'\u00e9panouir, faisant de Kergudon un lieu magique pour vos vacances en g\u00eete dans le Finist\u00e8re et des vacances de P\u00e2ques magiques en Bretagne.<\/p>\n<h3><strong>Vacances de printemps dans le Finist\u00e8re Chez Kergudon<\/strong><\/h3>\nNous aimons le printemps et surtout P\u00e2ques dans le Finist\u00e8re. Il y a de merveilleux endroits \u00e0 explorer et \u00e0 d\u00e9couvrir dans cette belle r\u00e9gion pendant vos vacances en Finist\u00e8re.<br \/>\nFrom fun family days out, stunning countryside and forest walks and fabulous restaurants, Finist\u00e8re and the Monts d&#8217;Arr\u00e9e offer a real slice of traditional Breton life.\n<p>Vous pouvez trouver une grande liste d'activit\u00e9s et d'attractions dans le Finist\u00e8re pendant vos vacances de P\u00e2ques en Bretagne \u00e0 l'adresse\u00a0<a href=\"https:\/\/www.familiscope.fr\/sorties-famille\/parcs-de-loisirs\/bretagne\/finistere\/\" target=\"_blank\" rel=\"noopener\">Familiscope<\/a>\u00a0notamment :<\/p>\n<ul>\n<li>Oceanopolis<\/li>\n<li>Parcs d'aventure<\/li>\n<li>Mus\u00e9es interactifs<\/li>\n<\/ul>\n<smartvideo src=\"https:\/\/www.youtube.com\/embed\/Ig2zZ4lQQgs\" width=\"1280\" height=\"720\"  muted controls><\/smartvideo>\n\t\t\t\t<img decoding=\"async\" data-src=\"https:\/\/b2861967.smushcdn.com\/2861967\/wp-content\/uploads\/2020\/09\/French-Cottage-for-Easter-et-Location-de-vacances-de-Paques-Finistere-1-scaled.jpeg?lossy=1&strip=1&webp=1\" alt=\"French Cottage for Easter et Location de vacances de P\u00e2ques Finistere\" itemprop=\"image\" height=\"1684\" width=\"2560\" title=\"French Cottage for Easter et Location de vacances de P\u00e2ques Finistere\" onerror=\"this.style.display='none'\" data-srcset=\"https:\/\/b2861967.smushcdn.com\/2861967\/wp-content\/uploads\/2020\/09\/French-Cottage-for-Easter-et-Location-de-vacances-de-Paques-Finistere-1-scaled.jpeg?lossy=1&amp;strip=1&amp;webp=1 2560w, https:\/\/b2861967.smushcdn.com\/2861967\/wp-content\/uploads\/2020\/09\/French-Cottage-for-Easter-et-Location-de-vacances-de-Paques-Finistere-1-300x197.jpeg?lossy=1&amp;strip=1&amp;webp=1 300w, https:\/\/b2861967.smushcdn.com\/2861967\/wp-content\/uploads\/2020\/09\/French-Cottage-for-Easter-et-Location-de-vacances-de-Paques-Finistere-1-1024x674.jpeg?lossy=1&amp;strip=1&amp;webp=1 1024w, https:\/\/b2861967.smushcdn.com\/2861967\/wp-content\/uploads\/2020\/09\/French-Cottage-for-Easter-et-Location-de-vacances-de-Paques-Finistere-1-768x505.jpeg?lossy=1&amp;strip=1&amp;webp=1 768w, https:\/\/b2861967.smushcdn.com\/2861967\/wp-content\/uploads\/2020\/09\/French-Cottage-for-Easter-et-Location-de-vacances-de-Paques-Finistere-1-1536x1010.jpeg?lossy=1&amp;strip=1&amp;webp=1 1536w, https:\/\/b2861967.smushcdn.com\/2861967\/wp-content\/uploads\/2020\/09\/French-Cottage-for-Easter-et-Location-de-vacances-de-Paques-Finistere-1-2048x1347.jpeg?lossy=1&amp;strip=1&amp;webp=1 2048w, https:\/\/b2861967.smushcdn.com\/2861967\/wp-content\/uploads\/2020\/09\/French-Cottage-for-Easter-et-Location-de-vacances-de-Paques-Finistere-1.jpeg?size=512x337&amp;lossy=1&amp;strip=1&amp;webp=1 512w\" data-sizes=\"auto\" src=\"data:image\/svg+xml;base64,PHN2ZyB3aWR0aD0iMSIgaGVpZ2h0PSIxIiB4bWxucz0iaHR0cDovL3d3dy53My5vcmcvMjAwMC9zdmciPjwvc3ZnPg==\" class=\"lazyload\" style=\"--smush-placeholder-width: 2560px; --smush-placeholder-aspect-ratio: 2560\/1684;\" data-original-sizes=\"(max-width: 2560px) 100vw, 2560px\" \/>\n<h3>G\u00eetes en Bretagne pour des vacances familiales exceptionnelles<\/h3><p>To make your family Easter Holidays in Brittany extra special, Ben and David organise an Easter Egg hunt throughout the gardens at Kergudon for guests who are staying for a 7 night family Easter holiday. The now famous Kergudon &#8216;<a href=\"https:\/\/www.letelegramme.fr\/finistere\/sizun\/kergudon-une-chasse-aux-oeufs-fructueuse-07-04-2015-10586250.php\" target=\"_blank\" rel=\"noopener\">Chasse aux \u0153ufs<\/a>&#8216; is great fun for all the family and every year our guests say that it is a real highlight to the holiday.<\/p>\n\n\t\t\t\t<img decoding=\"async\" data-src=\"https:\/\/b2861967.smushcdn.com\/2861967\/wp-content\/uploads\/2020\/09\/French-Cottage-for-Easter-et-Location-de-vacances-de-Paques-Finistere-2.jpg?lossy=1&strip=1&webp=1\" alt=\"Kergudon French Cottage for Easter et Location de vacances de P\u00e2ques Finistere (2)\" itemprop=\"image\" height=\"434\" width=\"643\" title=\"Kergudon French Cottage for Easter et Location de vacances de P\u00e2ques Finistere (2)\" onerror=\"this.style.display='none'\" data-srcset=\"https:\/\/b2861967.smushcdn.com\/2861967\/wp-content\/uploads\/2020\/09\/French-Cottage-for-Easter-et-Location-de-vacances-de-Paques-Finistere-2.jpg?lossy=1&amp;strip=1&amp;webp=1 643w, https:\/\/b2861967.smushcdn.com\/2861967\/wp-content\/uploads\/2020\/09\/French-Cottage-for-Easter-et-Location-de-vacances-de-Paques-Finistere-2-300x202.jpg?lossy=1&amp;strip=1&amp;webp=1 300w, https:\/\/b2861967.smushcdn.com\/2861967\/wp-content\/uploads\/2020\/09\/French-Cottage-for-Easter-et-Location-de-vacances-de-Paques-Finistere-2.jpg?size=512x346&amp;lossy=1&amp;strip=1&amp;webp=1 512w\" data-sizes=\"auto\" src=\"data:image\/svg+xml;base64,PHN2ZyB3aWR0aD0iMSIgaGVpZ2h0PSIxIiB4bWxucz0iaHR0cDovL3d3dy53My5vcmcvMjAwMC9zdmciPjwvc3ZnPg==\" class=\"lazyload\" style=\"--smush-placeholder-width: 643px; --smush-placeholder-aspect-ratio: 643\/434;\" data-original-sizes=\"(max-width: 643px) 100vw, 643px\" \/>\n<h3>Une grande journ\u00e9e en famille le lundi de P\u00e2ques<\/h3><p>Every Easter Monday our lively village of Saint-Cadou host the Marche sur L&#8217;eau\u00a0, which is a wonderful event usually held at the Lac Du Drennec. The Marche sur l&#8217;eau features many artisan crafts and arts and some amazing food and drink that are all local. Big tables are set up so that the whole family can come together and enjoy a wonderful meal in the sunshine with live music, traditional games and great memories.<\/p>","protected":false},"excerpt":{"rendered":"<p>Cottages for Family Easter Holidays Kergudon looks lovely in the spring time which makes our G\u00eetes to rent in Brittany at Kergudon the perfect location for your family Easter Holiday in France. The gardens at Kergudon cover just over an acre and during the run up to Easter time the trees, flowers and song birds&hellip;<\/p>","protected":false},"author":4,"featured_media":0,"parent":0,"menu_order":0,"comment_status":"closed","ping_status":"closed","template":"","meta":{"footnotes":""},"class_list":["post-3965","page","type-page","status-publish","hentry"],"_links":{"self":[{"href":"https:\/\/kergudon.com\/fr\/wp-json\/wp\/v2\/pages\/3965","targetHints":{"allow":["GET"]}}],"collection":[{"href":"https:\/\/kergudon.com\/fr\/wp-json\/wp\/v2\/pages"}],"about":[{"href":"https:\/\/kergudon.com\/fr\/wp-json\/wp\/v2\/types\/page"}],"author":[{"embeddable":true,"href":"https:\/\/kergudon.com\/fr\/wp-json\/wp\/v2\/users\/4"}],"replies":[{"embeddable":true,"href":"https:\/\/kergudon.com\/fr\/wp-json\/wp\/v2\/comments?post=3965"}],"version-history":[{"count":5,"href":"https:\/\/kergudon.com\/fr\/wp-json\/wp\/v2\/pages\/3965\/revisions"}],"predecessor-version":[{"id":8967,"href":"https:\/\/kergudon.com\/fr\/wp-json\/wp\/v2\/pages\/3965\/revisions\/8967"}],"wp:attachment":[{"href":"https:\/\/kergudon.com\/fr\/wp-json\/wp\/v2\/media?parent=3965"}],"curies":[{"name":"wp","href":"https:\/\/api.w.org\/{rel}","templated":true}]}}