{"id":3974,"date":"2020-09-13T07:59:41","date_gmt":"2020-09-13T07:59:41","guid":{"rendered":"https:\/\/www.kergudon.com\/?page_id=3974"},"modified":"2025-05-10T18:05:31","modified_gmt":"2025-05-10T18:05:31","slug":"long-weekend-breaks-in-france","status":"publish","type":"page","link":"https:\/\/kergudon.com\/fr\/long-weekend-breaks-in-france\/","title":{"rendered":"Weekend Cocooning en Bretagne"},"content":{"rendered":"<img decoding=\"async\" data-src=\"https:\/\/b2861967.smushcdn.com\/2861967\/wp-content\/uploads\/2024\/04\/Long-Weekend-Breaks-in-France-Short-Breaks-in-Brittany-weekend-en-amoureux-bretagne-court-sejours-bretagne-3-scaled.jpg?lossy=1&strip=1&webp=1\" alt=\"Beautiful French Bed at Kergudon Gites | Long Weekend Breaks in France |Short Breaks in Brittany | weekend en amoureux bretagne| court s\u00e9jours bretagne\" itemprop=\"image\" height=\"1707\" width=\"2560\" title=\"Longs week-ends en France Courts s\u00e9jours en Bretagne week-ends en amoureux bretagne courts s\u00e9jours bretagne week-end cocooning\" onerror=\"this.style.display='none'\" data-srcset=\"https:\/\/b2861967.smushcdn.com\/2861967\/wp-content\/uploads\/2024\/04\/Long-Weekend-Breaks-in-France-Short-Breaks-in-Brittany-weekend-en-amoureux-bretagne-court-sejours-bretagne-3-scaled.jpg?lossy=1&amp;strip=1&amp;webp=1 2560w, https:\/\/b2861967.smushcdn.com\/2861967\/wp-content\/uploads\/2024\/04\/Long-Weekend-Breaks-in-France-Short-Breaks-in-Brittany-weekend-en-amoureux-bretagne-court-sejours-bretagne-3-300x200.jpg?lossy=1&amp;strip=1&amp;webp=1 300w, https:\/\/b2861967.smushcdn.com\/2861967\/wp-content\/uploads\/2024\/04\/Long-Weekend-Breaks-in-France-Short-Breaks-in-Brittany-weekend-en-amoureux-bretagne-court-sejours-bretagne-3-1024x683.jpg?lossy=1&amp;strip=1&amp;webp=1 1024w, https:\/\/b2861967.smushcdn.com\/2861967\/wp-content\/uploads\/2024\/04\/Long-Weekend-Breaks-in-France-Short-Breaks-in-Brittany-weekend-en-amoureux-bretagne-court-sejours-bretagne-3-768x512.jpg?lossy=1&amp;strip=1&amp;webp=1 768w, https:\/\/b2861967.smushcdn.com\/2861967\/wp-content\/uploads\/2024\/04\/Long-Weekend-Breaks-in-France-Short-Breaks-in-Brittany-weekend-en-amoureux-bretagne-court-sejours-bretagne-3-1536x1024.jpg?lossy=1&amp;strip=1&amp;webp=1 1536w, https:\/\/b2861967.smushcdn.com\/2861967\/wp-content\/uploads\/2024\/04\/Long-Weekend-Breaks-in-France-Short-Breaks-in-Brittany-weekend-en-amoureux-bretagne-court-sejours-bretagne-3-2048x1365.jpg?lossy=1&amp;strip=1&amp;webp=1 2048w, https:\/\/b2861967.smushcdn.com\/2861967\/wp-content\/uploads\/2024\/04\/Long-Weekend-Breaks-in-France-Short-Breaks-in-Brittany-weekend-en-amoureux-bretagne-court-sejours-bretagne-3-18x12.jpg?lossy=1&amp;strip=1&amp;webp=1 18w, https:\/\/b2861967.smushcdn.com\/2861967\/wp-content\/uploads\/2024\/04\/Long-Weekend-Breaks-in-France-Short-Breaks-in-Brittany-weekend-en-amoureux-bretagne-court-sejours-bretagne-3.jpg?size=512x341&amp;lossy=1&amp;strip=1&amp;webp=1 512w\" data-sizes=\"auto\" src=\"data:image\/svg+xml;base64,PHN2ZyB3aWR0aD0iMSIgaGVpZ2h0PSIxIiB4bWxucz0iaHR0cDovL3d3dy53My5vcmcvMjAwMC9zdmciPjwvc3ZnPg==\" class=\"lazyload\" style=\"--smush-placeholder-width: 2560px; --smush-placeholder-aspect-ratio: 2560\/1707;\" data-original-sizes=\"(max-width: 2560px) 100vw, 2560px\" \/>\n<h2>\n\t\tS'\u00e9vader \u00e0 Kergudon : votre refuge pour les courts s\u00e9jours cocooning en Bretagne\n\t<\/h2>\n\t<p>Bienvenue \u00e0 Kergudon, o\u00f9 la beaut\u00e9 pittoresque de la Bretagne rencontre le charme de g\u00eetes, cr\u00e9ant le cadre parfait pour une escapade de r\u00eave. Nich\u00e9s au c\u0153ur de la Bretagne, nos g\u00eetes ruraux constituent un sanctuaire enchanteur pour les couples en qu\u00eate de romantisme ou les amis \u00e0 la recherche d'une escapade inoubliable et des week-ends cocooning.<\/p>\n<h3><strong>Weekend en Cocooning en Bretagne : Se ressourcer dans la Bretagne rurale<\/strong><\/h3>\n<p>Immerse yourself in tranquility with our long weekend breaks in France at Kergudon. Leave behind the hustle and bustle as you unwind amidst the serene landscapes of rural Brittany. Whether you&#8217;re yearning for intimate moments with your beloved or quality time with cherished friends, our lovingly restored cottages offer the ideal retreat.<\/p>\n\t\t\t<a href=\"https:\/\/booking-directly.com\/widgets\/vrH1cg2d9UNnvD3PCYVA2AUNDXq6yIhfqfxAlTFWLGRAkvexzI66o2Mq2W0hM\/properties\/\" target=\"_blank\" rel=\"noopener\">\n\t\t\t\t\t\t\tR\u00e9servez vorte s\u00e9jour\n\t\t\t<\/a>\n<h2>\n\t\tCourts s\u00e9jours en Bretagne : Cr\u00e9er des souvenirs inoubliables\n\t<\/h2>\n\t<p>Embarquez pour une aventure tourbillonnante avec nos courts s\u00e9jours en Bretagne, o\u00f9 chaque instant est riche en possibilit\u00e9s. Explorez des villages pittoresques, promenez-vous main dans la main dans des jardins luxuriants ou savourez simplement des moments de calme au coin du feu. Nos gites constituent le cadre id\u00e9al pour cr\u00e9er des souvenirs inoubliables pendant les week-ends cocooning.<\/p>\n\t\t\t<a href=\"https:\/\/kergudon.com\/fr\/holiday-rentals-brittany\/\" target=\"_self\" rel=\"noopener\">\n\t\t\t\t\t\t\tChoses \u00e0 faire\n\t\t\t<\/a>\n<smartvideo src=\"https:\/\/www.youtube.com\/embed\/Na43-M-9Ypg\" width=\"1280\" height=\"720\"  muted autoplay loop controls><\/smartvideo>\n\t\t\t\t<img decoding=\"async\" data-src=\"https:\/\/b2861967.smushcdn.com\/2861967\/wp-content\/uploads\/2020\/09\/Vacances-Finistere-Classic-Car-Holidays-Brittany-02.png?lossy=1&strip=1&webp=1\" alt=\"Vacances Finistere Classic Car Holidays Brittany 02\" itemprop=\"image\" height=\"816\" width=\"1256\" title=\"Vacances Finistere Classic Car Holidays Brittany 02\" onerror=\"this.style.display='none'\" data-srcset=\"https:\/\/b2861967.smushcdn.com\/2861967\/wp-content\/uploads\/2020\/09\/Vacances-Finistere-Classic-Car-Holidays-Brittany-02.png?lossy=1&amp;strip=1&amp;webp=1 1256w, https:\/\/b2861967.smushcdn.com\/2861967\/wp-content\/uploads\/2020\/09\/Vacances-Finistere-Classic-Car-Holidays-Brittany-02-300x195.png?lossy=1&amp;strip=1&amp;webp=1 300w, https:\/\/b2861967.smushcdn.com\/2861967\/wp-content\/uploads\/2020\/09\/Vacances-Finistere-Classic-Car-Holidays-Brittany-02-1024x665.png?lossy=1&amp;strip=1&amp;webp=1 1024w, https:\/\/b2861967.smushcdn.com\/2861967\/wp-content\/uploads\/2020\/09\/Vacances-Finistere-Classic-Car-Holidays-Brittany-02-768x499.png?lossy=1&amp;strip=1&amp;webp=1 768w, https:\/\/b2861967.smushcdn.com\/2861967\/wp-content\/uploads\/2020\/09\/Vacances-Finistere-Classic-Car-Holidays-Brittany-02.png?size=512x333&amp;lossy=1&amp;strip=1&amp;webp=1 512w\" data-sizes=\"auto\" src=\"data:image\/svg+xml;base64,PHN2ZyB3aWR0aD0iMSIgaGVpZ2h0PSIxIiB4bWxucz0iaHR0cDovL3d3dy53My5vcmcvMjAwMC9zdmciPjwvc3ZnPg==\" class=\"lazyload\" style=\"--smush-placeholder-width: 1256px; --smush-placeholder-aspect-ratio: 1256\/816;\" data-original-sizes=\"(max-width: 1256px) 100vw, 1256px\" \/>\n<h3>\n\t\tDes exp\u00e9riences inoubliables pour les couples\n\t<\/h3>\n\t<p>Chez Kergudon, nous comprenons que chaque couple est unique, c'est pourquoi nos gites ont tout ce qu'il faut pour cr\u00e9er des exp\u00e9riences m\u00e9morables. Que vous souhaitiez un d\u00eener aux chandelles pour deux, une randonn\u00e9e pittoresque dans des paysages \u00e0 couper le souffle ou une soir\u00e9e de d\u00e9tente sous les \u00e9toiles, Kergudon vous aidera \u00e0 rendre votre escapade cocooning vraiment inoubliable.<\/p>\n\t\t\t<a href=\"https:\/\/booking-directly.com\/widgets\/vrH1cg2d9UNnvD3PCYVA2AUNDXq6yIhfqfxAlTFWLGRAkvexzI66o2Mq2W0hM\/properties\/\" target=\"_blank\" rel=\"noopener\">\n\t\t\t\t\t\t\tR\u00e9servez vorte s\u00e9jour\n\t\t\t<\/a>\n<h2>\n\t\tGites 'Cozy' pour des r\u00e9unions intimes\n\t<\/h2>\n\t<p>Our cottages provide the perfect setting for intimate gatherings with friends. With spacious accommodations and charming amenities, you can reconnect with loved ones while creating new memories in a picturesque setting. Whether you&#8217;re sharing stories over a glass of wine or embarking on outdoor adventures together, Kergudon offers the ideal backdrop for cherished moments.<\/p>\n\t\t\t\t<img decoding=\"async\" data-src=\"https:\/\/b2861967.smushcdn.com\/2861967\/wp-content\/uploads\/2024\/04\/Long-Weekend-Breaks-in-France-Short-Breaks-in-Brittany-weekend-en-amoureux-bretagne-court-sejours-bretagne-2-scaled.jpg?lossy=1&strip=1&webp=1\" alt=\"Priory Gite with open wood burning stove | Long Weekend Breaks in France |Short Breaks in Brittany | weekend en amoureux bretagne| court s\u00e9jours bretagne\" itemprop=\"image\" height=\"1707\" width=\"2560\" title=\"Long-Weekend-Breaks-in-France-Short-Breaks-in-Brittany-weekend-en-amoureux-bretagne-court-sejours-bretagne-2\" onerror=\"this.style.display='none'\" data-srcset=\"https:\/\/b2861967.smushcdn.com\/2861967\/wp-content\/uploads\/2024\/04\/Long-Weekend-Breaks-in-France-Short-Breaks-in-Brittany-weekend-en-amoureux-bretagne-court-sejours-bretagne-2-scaled.jpg?lossy=1&amp;strip=1&amp;webp=1 2560w, https:\/\/b2861967.smushcdn.com\/2861967\/wp-content\/uploads\/2024\/04\/Long-Weekend-Breaks-in-France-Short-Breaks-in-Brittany-weekend-en-amoureux-bretagne-court-sejours-bretagne-2-300x200.jpg?lossy=1&amp;strip=1&amp;webp=1 300w, https:\/\/b2861967.smushcdn.com\/2861967\/wp-content\/uploads\/2024\/04\/Long-Weekend-Breaks-in-France-Short-Breaks-in-Brittany-weekend-en-amoureux-bretagne-court-sejours-bretagne-2-1024x683.jpg?lossy=1&amp;strip=1&amp;webp=1 1024w, https:\/\/b2861967.smushcdn.com\/2861967\/wp-content\/uploads\/2024\/04\/Long-Weekend-Breaks-in-France-Short-Breaks-in-Brittany-weekend-en-amoureux-bretagne-court-sejours-bretagne-2-768x512.jpg?lossy=1&amp;strip=1&amp;webp=1 768w, https:\/\/b2861967.smushcdn.com\/2861967\/wp-content\/uploads\/2024\/04\/Long-Weekend-Breaks-in-France-Short-Breaks-in-Brittany-weekend-en-amoureux-bretagne-court-sejours-bretagne-2-1536x1024.jpg?lossy=1&amp;strip=1&amp;webp=1 1536w, https:\/\/b2861967.smushcdn.com\/2861967\/wp-content\/uploads\/2024\/04\/Long-Weekend-Breaks-in-France-Short-Breaks-in-Brittany-weekend-en-amoureux-bretagne-court-sejours-bretagne-2-2048x1365.jpg?lossy=1&amp;strip=1&amp;webp=1 2048w, https:\/\/b2861967.smushcdn.com\/2861967\/wp-content\/uploads\/2024\/04\/Long-Weekend-Breaks-in-France-Short-Breaks-in-Brittany-weekend-en-amoureux-bretagne-court-sejours-bretagne-2-18x12.jpg?lossy=1&amp;strip=1&amp;webp=1 18w, https:\/\/b2861967.smushcdn.com\/2861967\/wp-content\/uploads\/2024\/04\/Long-Weekend-Breaks-in-France-Short-Breaks-in-Brittany-weekend-en-amoureux-bretagne-court-sejours-bretagne-2.jpg?size=512x341&amp;lossy=1&amp;strip=1&amp;webp=1 512w\" data-sizes=\"auto\" src=\"data:image\/svg+xml;base64,PHN2ZyB3aWR0aD0iMSIgaGVpZ2h0PSIxIiB4bWxucz0iaHR0cDovL3d3dy53My5vcmcvMjAwMC9zdmciPjwvc3ZnPg==\" class=\"lazyload\" style=\"--smush-placeholder-width: 2560px; --smush-placeholder-aspect-ratio: 2560\/1707;\" data-original-sizes=\"(max-width: 2560px) 100vw, 2560px\" \/>\n<h2>\n\t\tChoisissez votre h\u00e9bergement pour votre court s\u00e9jour\n\t<\/h2>\n\t<p>Chaque g\u00eete a sa propre personnalit\u00e9 et son propre caract\u00e8re. D\u00e9couvrez les charmants g\u00eetes de Kergudon ci-dessous :<\/p>\n\t\t\t\t<img decoding=\"async\" data-src=\"https:\/\/b2861967.smushcdn.com\/2861967\/wp-content\/uploads\/2024\/07\/Priory-Holiday-cottages-to-rent-in-brittany-holiday-cottage-in-brittany-france-with-pool-sejour-en-bretagne-gite-finistere-7.jpg?lossy=1&strip=1&webp=1\" alt=\"Holiday cottages to rent in brittany holiday cottage in brittany france with pool sejour en bretagne g\u00eete finist\u00e8re (3)\" itemprop=\"image\" height=\"683\" width=\"1024\" title=\"G\u00eetes de vacances \u00e0 louer en bretagne g\u00eete de vacances en bretagne france avec piscine sejour en bretagne g\u00eete finist\u00e8re (3)\" onerror=\"this.style.display='none'\" data-srcset=\"https:\/\/b2861967.smushcdn.com\/2861967\/wp-content\/uploads\/2024\/07\/Priory-Holiday-cottages-to-rent-in-brittany-holiday-cottage-in-brittany-france-with-pool-sejour-en-bretagne-gite-finistere-7.jpg?lossy=1&amp;strip=1&amp;webp=1 1024w, https:\/\/b2861967.smushcdn.com\/2861967\/wp-content\/uploads\/2024\/07\/Priory-Holiday-cottages-to-rent-in-brittany-holiday-cottage-in-brittany-france-with-pool-sejour-en-bretagne-gite-finistere-7-300x200.jpg?lossy=1&amp;strip=1&amp;webp=1 300w, https:\/\/b2861967.smushcdn.com\/2861967\/wp-content\/uploads\/2024\/07\/Priory-Holiday-cottages-to-rent-in-brittany-holiday-cottage-in-brittany-france-with-pool-sejour-en-bretagne-gite-finistere-7-768x512.jpg?lossy=1&amp;strip=1&amp;webp=1 768w, https:\/\/b2861967.smushcdn.com\/2861967\/wp-content\/uploads\/2024\/07\/Priory-Holiday-cottages-to-rent-in-brittany-holiday-cottage-in-brittany-france-with-pool-sejour-en-bretagne-gite-finistere-7-18x12.jpg?lossy=1&amp;strip=1&amp;webp=1 18w, https:\/\/b2861967.smushcdn.com\/2861967\/wp-content\/uploads\/2024\/07\/Priory-Holiday-cottages-to-rent-in-brittany-holiday-cottage-in-brittany-france-with-pool-sejour-en-bretagne-gite-finistere-7.jpg?size=512x342&amp;lossy=1&amp;strip=1&amp;webp=1 512w\" data-sizes=\"auto\" src=\"data:image\/svg+xml;base64,PHN2ZyB3aWR0aD0iMSIgaGVpZ2h0PSIxIiB4bWxucz0iaHR0cDovL3d3dy53My5vcmcvMjAwMC9zdmciPjwvc3ZnPg==\" class=\"lazyload\" style=\"--smush-placeholder-width: 1024px; --smush-placeholder-aspect-ratio: 1024\/683;\" data-original-sizes=\"(max-width: 1024px) 100vw, 1024px\" \/>\n\t<h3>G\u00eete Priory<\/h3>\n<p>2-6 Personnes<\/p>\n<p>2 Salles de bains<\/p>\n\t\t\t<a href=\"https:\/\/kergudon.com\/fr\/priory-kergudon-country-cottages-in-finistere\/\" target=\"_self\" rel=\"noopener\">\n\t\t\t\t\t\tVoir G\u00eete Priory\n\t\t\t\t\t<\/a>\n\t\t\t\t<img decoding=\"async\" data-src=\"https:\/\/b2861967.smushcdn.com\/2861967\/wp-content\/uploads\/2024\/07\/Granary-Holiday-cottages-to-rent-in-brittany-holiday-cottage-in-brittany-france-with-pool-sejour-en-bretagne-gite-finistere-6.jpg?lossy=1&strip=1&webp=1\" alt=\"Holiday cottages to rent in brittany holiday cottage in brittany france with pool sejour en bretagne g\u00eete finist\u00e8re (3)\" itemprop=\"image\" height=\"683\" width=\"1024\" title=\"Granary-Holiday-cottages-to-rent-in-brittany-holiday-cottage-in-brittany-france-with-pool-sejour-en-bretagne-gite-finistere-6\" onerror=\"this.style.display='none'\" data-srcset=\"https:\/\/b2861967.smushcdn.com\/2861967\/wp-content\/uploads\/2024\/07\/Granary-Holiday-cottages-to-rent-in-brittany-holiday-cottage-in-brittany-france-with-pool-sejour-en-bretagne-gite-finistere-6.jpg?lossy=1&amp;strip=1&amp;webp=1 1024w, https:\/\/b2861967.smushcdn.com\/2861967\/wp-content\/uploads\/2024\/07\/Granary-Holiday-cottages-to-rent-in-brittany-holiday-cottage-in-brittany-france-with-pool-sejour-en-bretagne-gite-finistere-6-300x200.jpg?lossy=1&amp;strip=1&amp;webp=1 300w, https:\/\/b2861967.smushcdn.com\/2861967\/wp-content\/uploads\/2024\/07\/Granary-Holiday-cottages-to-rent-in-brittany-holiday-cottage-in-brittany-france-with-pool-sejour-en-bretagne-gite-finistere-6-768x512.jpg?lossy=1&amp;strip=1&amp;webp=1 768w, https:\/\/b2861967.smushcdn.com\/2861967\/wp-content\/uploads\/2024\/07\/Granary-Holiday-cottages-to-rent-in-brittany-holiday-cottage-in-brittany-france-with-pool-sejour-en-bretagne-gite-finistere-6-18x12.jpg?lossy=1&amp;strip=1&amp;webp=1 18w, https:\/\/b2861967.smushcdn.com\/2861967\/wp-content\/uploads\/2024\/07\/Granary-Holiday-cottages-to-rent-in-brittany-holiday-cottage-in-brittany-france-with-pool-sejour-en-bretagne-gite-finistere-6.jpg?size=512x342&amp;lossy=1&amp;strip=1&amp;webp=1 512w\" data-sizes=\"auto\" src=\"data:image\/svg+xml;base64,PHN2ZyB3aWR0aD0iMSIgaGVpZ2h0PSIxIiB4bWxucz0iaHR0cDovL3d3dy53My5vcmcvMjAwMC9zdmciPjwvc3ZnPg==\" class=\"lazyload\" style=\"--smush-placeholder-width: 1024px; --smush-placeholder-aspect-ratio: 1024\/683;\" data-original-sizes=\"(max-width: 1024px) 100vw, 1024px\" \/>\n\t<h3>G\u00eete Granary<\/h3>\n<p>2-6 Personnes<\/p>\n<p>2 Salles de bains<\/p>\n\t\t\t<a href=\"https:\/\/kergudon.com\/fr\/granary-country-cottages-in-brittany\/\" target=\"_self\" rel=\"noopener\">\n\t\t\t\t\t\tVoir G\u00eete Granary\n\t\t\t\t\t<\/a>\n\t\t\t\t<img decoding=\"async\" data-src=\"https:\/\/b2861967.smushcdn.com\/2861967\/wp-content\/uploads\/2024\/07\/Hayloft-Holiday-cottages-to-rent-in-brittany-holiday-cottage-in-brittany-france-with-pool-sejour-en-bretagne-gite-finistere-5.jpg?lossy=1&strip=1&webp=1\" alt=\"Holiday cottages to rent in brittany holiday cottage in brittany france with pool sejour en bretagne g\u00eete finist\u00e8re (3)\" itemprop=\"image\" height=\"683\" width=\"1024\" title=\"Hayloft-Holiday-cottages-to-rent-in-brittany-holiday-cottage-in-brittany-france-with-pool-sejour-en-bretagne-gite-finistere-5\" onerror=\"this.style.display='none'\" data-srcset=\"https:\/\/b2861967.smushcdn.com\/2861967\/wp-content\/uploads\/2024\/07\/Hayloft-Holiday-cottages-to-rent-in-brittany-holiday-cottage-in-brittany-france-with-pool-sejour-en-bretagne-gite-finistere-5.jpg?lossy=1&amp;strip=1&amp;webp=1 1024w, https:\/\/b2861967.smushcdn.com\/2861967\/wp-content\/uploads\/2024\/07\/Hayloft-Holiday-cottages-to-rent-in-brittany-holiday-cottage-in-brittany-france-with-pool-sejour-en-bretagne-gite-finistere-5-300x200.jpg?lossy=1&amp;strip=1&amp;webp=1 300w, https:\/\/b2861967.smushcdn.com\/2861967\/wp-content\/uploads\/2024\/07\/Hayloft-Holiday-cottages-to-rent-in-brittany-holiday-cottage-in-brittany-france-with-pool-sejour-en-bretagne-gite-finistere-5-768x512.jpg?lossy=1&amp;strip=1&amp;webp=1 768w, https:\/\/b2861967.smushcdn.com\/2861967\/wp-content\/uploads\/2024\/07\/Hayloft-Holiday-cottages-to-rent-in-brittany-holiday-cottage-in-brittany-france-with-pool-sejour-en-bretagne-gite-finistere-5-18x12.jpg?lossy=1&amp;strip=1&amp;webp=1 18w, https:\/\/b2861967.smushcdn.com\/2861967\/wp-content\/uploads\/2024\/07\/Hayloft-Holiday-cottages-to-rent-in-brittany-holiday-cottage-in-brittany-france-with-pool-sejour-en-bretagne-gite-finistere-5.jpg?size=512x342&amp;lossy=1&amp;strip=1&amp;webp=1 512w\" data-sizes=\"auto\" src=\"data:image\/svg+xml;base64,PHN2ZyB3aWR0aD0iMSIgaGVpZ2h0PSIxIiB4bWxucz0iaHR0cDovL3d3dy53My5vcmcvMjAwMC9zdmciPjwvc3ZnPg==\" class=\"lazyload\" style=\"--smush-placeholder-width: 1024px; --smush-placeholder-aspect-ratio: 1024\/683;\" data-original-sizes=\"(max-width: 1024px) 100vw, 1024px\" \/>\n\t<h3>G\u00eete Hayloft<\/h3>\n<p>2 Personnes<\/p>\n<p>1 Salle de Bain<\/p>\n\t\t\t<a href=\"https:\/\/kergudon.com\/fr\/hayloft-brittany-holiday-cottages\/\" target=\"_self\" rel=\"noopener\">\n\t\t\t\t\t\tVoir G\u00eete Hayloft\n\t\t\t\t\t<\/a>\n\t\t\t\t<img decoding=\"async\" data-src=\"https:\/\/b2861967.smushcdn.com\/2861967\/wp-content\/uploads\/2024\/07\/Stable-Holiday-cottages-to-rent-in-brittany-holiday-cottage-in-brittany-france-with-pool-sejour-en-bretagne-gite-finistere-4.jpg?lossy=1&strip=1&webp=1\" alt=\"Holiday cottages to rent in brittany holiday cottage in brittany france with pool sejour en bretagne g\u00eete finist\u00e8re (3)\" itemprop=\"image\" height=\"683\" width=\"1024\" title=\"Stable B&amp;B-Holiday-cottages-to-rent-in-brittany-holiday-cottage-in-brittany-france-with-pool-sejour-en-bretagne-gite-finistere-4\" onerror=\"this.style.display='none'\" data-srcset=\"https:\/\/b2861967.smushcdn.com\/2861967\/wp-content\/uploads\/2024\/07\/Stable-Holiday-cottages-to-rent-in-brittany-holiday-cottage-in-brittany-france-with-pool-sejour-en-bretagne-gite-finistere-4.jpg?lossy=1&amp;strip=1&amp;webp=1 1024w, https:\/\/b2861967.smushcdn.com\/2861967\/wp-content\/uploads\/2024\/07\/Stable-Holiday-cottages-to-rent-in-brittany-holiday-cottage-in-brittany-france-with-pool-sejour-en-bretagne-gite-finistere-4-300x200.jpg?lossy=1&amp;strip=1&amp;webp=1 300w, https:\/\/b2861967.smushcdn.com\/2861967\/wp-content\/uploads\/2024\/07\/Stable-Holiday-cottages-to-rent-in-brittany-holiday-cottage-in-brittany-france-with-pool-sejour-en-bretagne-gite-finistere-4-768x512.jpg?lossy=1&amp;strip=1&amp;webp=1 768w, https:\/\/b2861967.smushcdn.com\/2861967\/wp-content\/uploads\/2024\/07\/Stable-Holiday-cottages-to-rent-in-brittany-holiday-cottage-in-brittany-france-with-pool-sejour-en-bretagne-gite-finistere-4-18x12.jpg?lossy=1&amp;strip=1&amp;webp=1 18w, https:\/\/b2861967.smushcdn.com\/2861967\/wp-content\/uploads\/2024\/07\/Stable-Holiday-cottages-to-rent-in-brittany-holiday-cottage-in-brittany-france-with-pool-sejour-en-bretagne-gite-finistere-4.jpg?size=512x342&amp;lossy=1&amp;strip=1&amp;webp=1 512w\" data-sizes=\"auto\" src=\"data:image\/svg+xml;base64,PHN2ZyB3aWR0aD0iMSIgaGVpZ2h0PSIxIiB4bWxucz0iaHR0cDovL3d3dy53My5vcmcvMjAwMC9zdmciPjwvc3ZnPg==\" class=\"lazyload\" style=\"--smush-placeholder-width: 1024px; --smush-placeholder-aspect-ratio: 1024\/683;\" data-original-sizes=\"(max-width: 1024px) 100vw, 1024px\" \/>\n\t<h3>La Chambre Stable B&amp;B<\/h3>\n<p>2 Personnes<\/p>\n<p>1 salle de douche<\/p>\n\t\t\t<a href=\"https:\/\/kergudon.com\/fr\/stable-gites-finistere\/\" target=\"_self\" rel=\"noopener\">\n\t\t\t\t\t\tView Stable B&#038;B Room\n\t\t\t\t\t<\/a>\n\t\t\t\t<img decoding=\"async\" data-src=\"https:\/\/b2861967.smushcdn.com\/2861967\/wp-content\/uploads\/2024\/04\/Long-Weekend-Breaks-in-France-Short-Breaks-in-Brittany-weekend-en-amoureux-bretagne-court-sejours-bretagne-1-scaled.jpg?lossy=1&strip=1&webp=1\" alt=\"Long Weekend Breaks in France |Short Breaks in Brittany | weekend en amoureux bretagne| court s\u00e9jours bretagne\" itemprop=\"image\" height=\"1707\" width=\"2560\" title=\"Longs week-ends en France Courts s\u00e9jours en Bretagne week-ends en amoureux bretagne courts s\u00e9jours bretagne week-end cocooning\" onerror=\"this.style.display='none'\" data-srcset=\"https:\/\/b2861967.smushcdn.com\/2861967\/wp-content\/uploads\/2024\/04\/Long-Weekend-Breaks-in-France-Short-Breaks-in-Brittany-weekend-en-amoureux-bretagne-court-sejours-bretagne-1-scaled.jpg?lossy=1&amp;strip=1&amp;webp=1 2560w, https:\/\/b2861967.smushcdn.com\/2861967\/wp-content\/uploads\/2024\/04\/Long-Weekend-Breaks-in-France-Short-Breaks-in-Brittany-weekend-en-amoureux-bretagne-court-sejours-bretagne-1-300x200.jpg?lossy=1&amp;strip=1&amp;webp=1 300w, https:\/\/b2861967.smushcdn.com\/2861967\/wp-content\/uploads\/2024\/04\/Long-Weekend-Breaks-in-France-Short-Breaks-in-Brittany-weekend-en-amoureux-bretagne-court-sejours-bretagne-1-1024x683.jpg?lossy=1&amp;strip=1&amp;webp=1 1024w, https:\/\/b2861967.smushcdn.com\/2861967\/wp-content\/uploads\/2024\/04\/Long-Weekend-Breaks-in-France-Short-Breaks-in-Brittany-weekend-en-amoureux-bretagne-court-sejours-bretagne-1-768x512.jpg?lossy=1&amp;strip=1&amp;webp=1 768w, https:\/\/b2861967.smushcdn.com\/2861967\/wp-content\/uploads\/2024\/04\/Long-Weekend-Breaks-in-France-Short-Breaks-in-Brittany-weekend-en-amoureux-bretagne-court-sejours-bretagne-1-1536x1024.jpg?lossy=1&amp;strip=1&amp;webp=1 1536w, https:\/\/b2861967.smushcdn.com\/2861967\/wp-content\/uploads\/2024\/04\/Long-Weekend-Breaks-in-France-Short-Breaks-in-Brittany-weekend-en-amoureux-bretagne-court-sejours-bretagne-1-2048x1365.jpg?lossy=1&amp;strip=1&amp;webp=1 2048w, https:\/\/b2861967.smushcdn.com\/2861967\/wp-content\/uploads\/2024\/04\/Long-Weekend-Breaks-in-France-Short-Breaks-in-Brittany-weekend-en-amoureux-bretagne-court-sejours-bretagne-1-18x12.jpg?lossy=1&amp;strip=1&amp;webp=1 18w, https:\/\/b2861967.smushcdn.com\/2861967\/wp-content\/uploads\/2024\/04\/Long-Weekend-Breaks-in-France-Short-Breaks-in-Brittany-weekend-en-amoureux-bretagne-court-sejours-bretagne-1.jpg?size=512x341&amp;lossy=1&amp;strip=1&amp;webp=1 512w\" data-sizes=\"auto\" src=\"data:image\/svg+xml;base64,PHN2ZyB3aWR0aD0iMSIgaGVpZ2h0PSIxIiB4bWxucz0iaHR0cDovL3d3dy53My5vcmcvMjAwMC9zdmciPjwvc3ZnPg==\" class=\"lazyload\" style=\"--smush-placeholder-width: 2560px; --smush-placeholder-aspect-ratio: 2560\/1707;\" data-original-sizes=\"(max-width: 2560px) 100vw, 2560px\" \/>\n\t\t\t\t<img decoding=\"async\" data-src=\"https:\/\/b2861967.smushcdn.com\/2861967\/wp-content\/plugins\/bb-plugin\/img\/pixel.png?lossy=1&strip=1&webp=1\" alt=\"\" itemprop=\"image\" onerror=\"this.style.display='none'\" data-sizes=\"(max-width: 3px) 100vw, 3px\" src=\"data:image\/svg+xml;base64,PHN2ZyB3aWR0aD0iMSIgaGVpZ2h0PSIxIiB4bWxucz0iaHR0cDovL3d3dy53My5vcmcvMjAwMC9zdmciPjwvc3ZnPg==\" class=\"lazyload\" style=\"--smush-placeholder-width: 3px; --smush-placeholder-aspect-ratio: 3\/2;\" \/>\n<h3>\n\t\tR\u00e9servez votre Week-end Cocooning aujourd'hui\n\t<\/h3>\n\t<p>D\u00e9tendez-vous et cr\u00e9ez des souvenirs inoubliables \u00e0 Kergudon. Que ce soit pour un weekend en amoureux ou un court s\u00e9jour en Bretagne, nos charmants gites vous attendent. R\u00e9servez votre s\u00e9jour cocooning d\u00e8s aujourd'hui et d\u00e9couvrez la magie de la France rurale avec nous.<\/p>\n\t\t\t<a href=\"https:\/\/kergudon.com\/fr\/gite-prices-in-brittany\/\" target=\"_blank\" rel=\"noopener\">\n\t\t\t\t\t\tV\u00e9rifier la disponibilit\u00e9\n\t\t\t\t\t<\/a>","protected":false},"excerpt":{"rendered":"<p>Escape to Kergudon: Your Haven for Short Breaks in Brittany Welcome to Kergudon, where the picturesque beauty of Brittany meets the charm of cozy cottages, creating the perfect setting for your dream escape. Tucked away in the heart of Brittany, our self-catering holiday cottages provide an enchanting sanctuary for couples seeking romance or friends in&hellip;<\/p>","protected":false},"author":4,"featured_media":0,"parent":0,"menu_order":0,"comment_status":"closed","ping_status":"closed","template":"","meta":{"footnotes":""},"class_list":["post-3974","page","type-page","status-publish","hentry"],"_links":{"self":[{"href":"https:\/\/kergudon.com\/fr\/wp-json\/wp\/v2\/pages\/3974","targetHints":{"allow":["GET"]}}],"collection":[{"href":"https:\/\/kergudon.com\/fr\/wp-json\/wp\/v2\/pages"}],"about":[{"href":"https:\/\/kergudon.com\/fr\/wp-json\/wp\/v2\/types\/page"}],"author":[{"embeddable":true,"href":"https:\/\/kergudon.com\/fr\/wp-json\/wp\/v2\/users\/4"}],"replies":[{"embeddable":true,"href":"https:\/\/kergudon.com\/fr\/wp-json\/wp\/v2\/comments?post=3974"}],"version-history":[{"count":13,"href":"https:\/\/kergudon.com\/fr\/wp-json\/wp\/v2\/pages\/3974\/revisions"}],"predecessor-version":[{"id":8969,"href":"https:\/\/kergudon.com\/fr\/wp-json\/wp\/v2\/pages\/3974\/revisions\/8969"}],"wp:attachment":[{"href":"https:\/\/kergudon.com\/fr\/wp-json\/wp\/v2\/media?parent=3974"}],"curies":[{"name":"wp","href":"https:\/\/api.w.org\/{rel}","templated":true}]}}