{"id":9006,"date":"2024-08-06T17:56:26","date_gmt":"2024-08-06T17:56:26","guid":{"rendered":"https:\/\/kergudon.com\/?page_id=9006"},"modified":"2025-10-28T09:24:11","modified_gmt":"2025-10-28T09:24:11","slug":"brittany-christmas-gift-guide","status":"publish","type":"page","link":"https:\/\/kergudon.com\/fr\/brittany-christmas-gift-guide\/","title":{"rendered":"Brittany Christmas Gift Guide"},"content":{"rendered":"<img decoding=\"async\" data-src=\"https:\/\/b2861967.smushcdn.com\/2861967\/wp-content\/uploads\/2024\/06\/Christmas-in-France-Christmas-in-Brittany-gite-noel-bretagne-gite-nouvel-an-3.jpg?lossy=1&strip=1&webp=1\" alt=\"Christmas Gift Opening in Brittany France\" itemprop=\"image\" height=\"900\" width=\"1200\" title=\"Christmas Page Images 2025 - 56\" onerror=\"this.style.display='none'\" data-srcset=\"https:\/\/b2861967.smushcdn.com\/2861967\/wp-content\/uploads\/2024\/06\/Christmas-in-France-Christmas-in-Brittany-gite-noel-bretagne-gite-nouvel-an-3.jpg?lossy=1&amp;strip=1&amp;webp=1 1200w, https:\/\/b2861967.smushcdn.com\/2861967\/wp-content\/uploads\/2024\/06\/Christmas-in-France-Christmas-in-Brittany-gite-noel-bretagne-gite-nouvel-an-3-300x225.jpg?lossy=1&amp;strip=1&amp;webp=1 300w, https:\/\/b2861967.smushcdn.com\/2861967\/wp-content\/uploads\/2024\/06\/Christmas-in-France-Christmas-in-Brittany-gite-noel-bretagne-gite-nouvel-an-3-1024x768.jpg?lossy=1&amp;strip=1&amp;webp=1 1024w, https:\/\/b2861967.smushcdn.com\/2861967\/wp-content\/uploads\/2024\/06\/Christmas-in-France-Christmas-in-Brittany-gite-noel-bretagne-gite-nouvel-an-3-768x576.jpg?lossy=1&amp;strip=1&amp;webp=1 768w, https:\/\/b2861967.smushcdn.com\/2861967\/wp-content\/uploads\/2024\/06\/Christmas-in-France-Christmas-in-Brittany-gite-noel-bretagne-gite-nouvel-an-3-16x12.jpg?lossy=1&amp;strip=1&amp;webp=1 16w, https:\/\/b2861967.smushcdn.com\/2861967\/wp-content\/uploads\/2024\/06\/Christmas-in-France-Christmas-in-Brittany-gite-noel-bretagne-gite-nouvel-an-3.jpg?size=512x384&amp;lossy=1&amp;strip=1&amp;webp=1 512w\" data-sizes=\"auto\" src=\"data:image\/svg+xml;base64,PHN2ZyB3aWR0aD0iMSIgaGVpZ2h0PSIxIiB4bWxucz0iaHR0cDovL3d3dy53My5vcmcvMjAwMC9zdmciPjwvc3ZnPg==\" class=\"lazyload\" style=\"--smush-placeholder-width: 1200px; --smush-placeholder-aspect-ratio: 1200\/900;\" data-original-sizes=\"(max-width: 1200px) 100vw, 1200px\" \/>\n<h1>\n\t\t\tGuide des cadeaux de No\u00ebl en Bretagne 2025\t<\/h1>\n\t<p>As the festive season approaches, many are dreaming of a cozy Christmas getaway. Whether you&#8217;re planning a stay in one of our charming holiday cottages in Northern Brittany or simply looking for the perfect gift to bring a touch of Brittany into your home, our Christmas Gift Guide for 2025 has something for everyone. From local delicacies to unique handcrafted items, we&#8217;ve curated a list of seven must-have gifts that capture the essence of Brittany&#8217;s rich culture and festive spirit. Discover the magic of a Breton Christmas and make your holiday season truly special.<\/p>\n\t\t\t\t<a href=\"https:\/\/www.lepiceriefinequimper.com\/\"  target=\"_blank\" rel=\"noopener\"  itemprop=\"url\">\n\t\t\t\t<img decoding=\"async\" data-src=\"https:\/\/b2861967.smushcdn.com\/2861967\/wp-content\/uploads\/2024\/10\/Epicerie-Fine-Quimper-Gift-Ideas-for-Christmas-Holiday-Cottage-in-Brittany-France-6.jpg?lossy=1&strip=1&webp=1\" alt=\"Epicerie Fine Quimper Id\u00e9es cadeaux pour No\u00ebl Chalet de vacances en Bretagne France\" itemprop=\"image\" height=\"480\" width=\"640\" title=\"Epicerie-Fine-Quimper-Id\u00e9es-cadeaux-pour-No\u00ebl-Vacances-Cottage-en-Bretagne-France-6\" onerror=\"this.style.display='none'\" data-srcset=\"https:\/\/b2861967.smushcdn.com\/2861967\/wp-content\/uploads\/2024\/10\/Epicerie-Fine-Quimper-Gift-Ideas-for-Christmas-Holiday-Cottage-in-Brittany-France-6.jpg?lossy=1&amp;strip=1&amp;webp=1 640w, https:\/\/b2861967.smushcdn.com\/2861967\/wp-content\/uploads\/2024\/10\/Epicerie-Fine-Quimper-Gift-Ideas-for-Christmas-Holiday-Cottage-in-Brittany-France-6-300x225.jpg?lossy=1&amp;strip=1&amp;webp=1 300w, https:\/\/b2861967.smushcdn.com\/2861967\/wp-content\/uploads\/2024\/10\/Epicerie-Fine-Quimper-Gift-Ideas-for-Christmas-Holiday-Cottage-in-Brittany-France-6-16x12.jpg?lossy=1&amp;strip=1&amp;webp=1 16w, https:\/\/b2861967.smushcdn.com\/2861967\/wp-content\/uploads\/2024\/10\/Epicerie-Fine-Quimper-Gift-Ideas-for-Christmas-Holiday-Cottage-in-Brittany-France-6.jpg?size=512x384&amp;lossy=1&amp;strip=1&amp;webp=1 512w\" data-sizes=\"auto\" src=\"data:image\/svg+xml;base64,PHN2ZyB3aWR0aD0iMSIgaGVpZ2h0PSIxIiB4bWxucz0iaHR0cDovL3d3dy53My5vcmcvMjAwMC9zdmciPjwvc3ZnPg==\" class=\"lazyload\" style=\"--smush-placeholder-width: 640px; --smush-placeholder-aspect-ratio: 640\/480;\" data-original-sizes=\"(max-width: 640px) 100vw, 640px\" \/>\n\t\t\t\t<\/a>\n<h4>\n\t\t\t# 1\t<\/h4>\n<h2>\n\t\t<a href=\"https:\/\/www.lepiceriefinequimper.com\/\" title=\"Panier festif de L&#039;Epicerie Fine Quimper\"  target=\"_blank\"  rel=\"noopener\">\n\t\t\tA Festive Hamper from L&#8217;Epicerie Fine Quimper\t\t<\/a>\n\t<\/h2>\n\t<p>Laissez-vous s\u00e9duire par les riches saveurs de la Bretagne avec un panier festif provenant d'une \u00e9picerie fine de Quimper. Remplis d'un assortiment de d\u00e9lices locaux tels que des fromages artisanaux, des p\u00e2t\u00e9s, des conserves et d'autres gourmandises, ces paniers sont parfaits pour les f\u00eates de fin d'ann\u00e9e et constituent un cadeau exquis pour les passionn\u00e9s de gastronomie.<\/p>\n\t\t\t<a href=\"https:\/\/www.lepiceriefinequimper.com\/\" target=\"_blank\" rel=\"noopener\">\n\t\t\t\t\t\t\tVisit L&#8217;Epicerie Fine Quimper\n\t\t\t<\/a>\n<h4>\n\t\t\t# 2\t<\/h4>\n<h2>\n\t\t\tCadeaux personnalis\u00e9s scientifiquement exacts (Cepheid Studio, St Rivoal)\t<\/h2>\n\t<p>Pour un cadeau vraiment unique et attentionn\u00e9, d\u00e9couvrez les cr\u00e9ations personnalis\u00e9es scientifiquement exactes de Cepheid Studio \u00e0 St Rivoal. Connus pour leurs repr\u00e9sentations d\u00e9taill\u00e9es et magnifiques d'\u00e9toiles, de constellations et d'autres ph\u00e9nom\u00e8nes astronomiques, ces objets sur mesure sont parfaits pour les amateurs de sciences et ceux qui sont fascin\u00e9s par le cosmos.<\/p>\n\t\t\t<a href=\"https:\/\/www.cepheidstudio.com\/shop\" target=\"_blank\" rel=\"noopener\">\n\t\t\t\t\t\t\tVisitez le studio Cehpeid ici \n\t\t\t<\/a>\n\t\t\t\t<img decoding=\"async\" data-src=\"https:\/\/b2861967.smushcdn.com\/2861967\/wp-content\/uploads\/2024\/08\/Cepheid-Studio-Solar-System-Socks.jpg?lossy=1&strip=1&webp=1\" alt=\"Cepheid Studio Id\u00e9es cadeaux pour No\u00ebl Chalet de vacances en Bretagne France\" itemprop=\"image\" height=\"1512\" width=\"2016\" title=\"Cepheid Studio Id\u00e9es cadeaux pour No\u00ebl Chalet de vacances en Bretagne France\" onerror=\"this.style.display='none'\" data-srcset=\"https:\/\/b2861967.smushcdn.com\/2861967\/wp-content\/uploads\/2024\/08\/Cepheid-Studio-Solar-System-Socks.jpg?lossy=1&amp;strip=1&amp;webp=1 2016w, https:\/\/b2861967.smushcdn.com\/2861967\/wp-content\/uploads\/2024\/08\/Cepheid-Studio-Solar-System-Socks-300x225.jpg?lossy=1&amp;strip=1&amp;webp=1 300w, https:\/\/b2861967.smushcdn.com\/2861967\/wp-content\/uploads\/2024\/08\/Cepheid-Studio-Solar-System-Socks-1024x768.jpg?lossy=1&amp;strip=1&amp;webp=1 1024w, https:\/\/b2861967.smushcdn.com\/2861967\/wp-content\/uploads\/2024\/08\/Cepheid-Studio-Solar-System-Socks-768x576.jpg?lossy=1&amp;strip=1&amp;webp=1 768w, https:\/\/b2861967.smushcdn.com\/2861967\/wp-content\/uploads\/2024\/08\/Cepheid-Studio-Solar-System-Socks-1536x1152.jpg?lossy=1&amp;strip=1&amp;webp=1 1536w, https:\/\/b2861967.smushcdn.com\/2861967\/wp-content\/uploads\/2024\/08\/Cepheid-Studio-Solar-System-Socks-16x12.jpg?lossy=1&amp;strip=1&amp;webp=1 16w, https:\/\/b2861967.smushcdn.com\/2861967\/wp-content\/uploads\/2024\/08\/Cepheid-Studio-Solar-System-Socks.jpg?size=512x384&amp;lossy=1&amp;strip=1&amp;webp=1 512w\" data-sizes=\"auto\" src=\"data:image\/svg+xml;base64,PHN2ZyB3aWR0aD0iMSIgaGVpZ2h0PSIxIiB4bWxucz0iaHR0cDovL3d3dy53My5vcmcvMjAwMC9zdmciPjwvc3ZnPg==\" class=\"lazyload\" style=\"--smush-placeholder-width: 2016px; --smush-placeholder-aspect-ratio: 2016\/1512;\" data-original-sizes=\"(max-width: 2016px) 100vw, 2016px\" \/>\n\t\t\t\t<img decoding=\"async\" data-src=\"https:\/\/b2861967.smushcdn.com\/2861967\/wp-content\/uploads\/2020\/09\/B.E.-Cosmetics-Organic-Soap-and-Organic-Solid-Shampoo.jpg?lossy=1&strip=1&webp=1\" alt=\"Savon bio et shampoing solide bio de B.E. Cosmetics chez Kergudon Gites\" itemprop=\"image\" height=\"1365\" width=\"1365\" title=\"Savon bio et shampoing solide bio de B.E. Cosmetics chez Kergudon Gites\" onerror=\"this.style.display='none'\" data-srcset=\"https:\/\/b2861967.smushcdn.com\/2861967\/wp-content\/uploads\/2020\/09\/B.E.-Cosmetics-Organic-Soap-and-Organic-Solid-Shampoo.jpg?lossy=1&amp;strip=1&amp;webp=1 1365w, https:\/\/b2861967.smushcdn.com\/2861967\/wp-content\/uploads\/2020\/09\/B.E.-Cosmetics-Organic-Soap-and-Organic-Solid-Shampoo-300x300.jpg?lossy=1&amp;strip=1&amp;webp=1 300w, https:\/\/b2861967.smushcdn.com\/2861967\/wp-content\/uploads\/2020\/09\/B.E.-Cosmetics-Organic-Soap-and-Organic-Solid-Shampoo-1024x1024.jpg?lossy=1&amp;strip=1&amp;webp=1 1024w, https:\/\/b2861967.smushcdn.com\/2861967\/wp-content\/uploads\/2020\/09\/B.E.-Cosmetics-Organic-Soap-and-Organic-Solid-Shampoo-150x150.jpg?lossy=1&amp;strip=1&amp;webp=1 150w, https:\/\/b2861967.smushcdn.com\/2861967\/wp-content\/uploads\/2020\/09\/B.E.-Cosmetics-Organic-Soap-and-Organic-Solid-Shampoo-768x768.jpg?lossy=1&amp;strip=1&amp;webp=1 768w, https:\/\/b2861967.smushcdn.com\/2861967\/wp-content\/uploads\/2020\/09\/B.E.-Cosmetics-Organic-Soap-and-Organic-Solid-Shampoo.jpg?size=512x512&amp;lossy=1&amp;strip=1&amp;webp=1 512w\" data-sizes=\"auto\" src=\"data:image\/svg+xml;base64,PHN2ZyB3aWR0aD0iMSIgaGVpZ2h0PSIxIiB4bWxucz0iaHR0cDovL3d3dy53My5vcmcvMjAwMC9zdmciPjwvc3ZnPg==\" class=\"lazyload\" style=\"--smush-placeholder-width: 1365px; --smush-placeholder-aspect-ratio: 1365\/1365;\" data-original-sizes=\"(max-width: 1365px) 100vw, 1365px\" \/>\n<h4>\n\t\t\t# 3\t<\/h4>\n<h2>\n\t\t\tLocally Handmade Soaps and Cosmetics (B.E Cosmetics, Saint Cadou)\t<\/h2>\n\t<p>Dorlotez vos proches avec les luxueux savons et cosm\u00e9tiques faits \u00e0 la main de B.E Cosmetics, fabriqu\u00e9s ici m\u00eame \u00e0 Saint Cadou. Utilisant des ingr\u00e9dients naturels et des m\u00e9thodes traditionnelles, ces produits de haute qualit\u00e9 sont parfaits pour ceux qui appr\u00e9cient les soins artisanaux. Un coffret joliment emball\u00e9 constitue un cadeau attentionn\u00e9 et indulgent.<\/p>\n\t\t\t<a href=\"https:\/\/www.becosmetics.fr\/\" target=\"_blank\" rel=\"noopener\">\n\t\t\t\t\t\t\tVisitez la boutique B.E. Cosmetics ici\n\t\t\t<\/a>\n<h4>\n\t\t\t# 4\t<\/h4>\n<h2>\n\t\t\tPoterie artisanale bretonne\t<\/h2>\n\t<p>Brittany is renowned for its distinctive pottery, featuring bold colors and traditional Breton designs. A piece of handcrafted Breton pottery, such as a charming mug or an elegant serving dish, makes for a timeless and functional gift. Each piece is a work of art, reflecting the region&#8217;s rich artistic traditions.<\/p>\n\t\t\t<a href=\"https:\/\/florencelegouguec.wordpress.com\/\" target=\"_blank\" rel=\"noopener\">\n\t\t\t\t\t\t\tPotterie Florence Le Gouguec\n\t\t\t<\/a>\n\t\t\t\t<img decoding=\"async\" data-src=\"https:\/\/b2861967.smushcdn.com\/2861967\/wp-content\/uploads\/2024\/08\/Gift-Ideas-for-Christmas-Holiday-Cottage-in-Brittany-France.jpg?lossy=1&strip=1&webp=1\" alt=\"Cepheid Studio Id\u00e9es cadeaux pour No\u00ebl Chalet de vacances en Bretagne France\" itemprop=\"image\" height=\"1200\" width=\"1800\" title=\"Cepheid Studio Id\u00e9es cadeaux pour No\u00ebl Chalet de vacances en Bretagne France\" onerror=\"this.style.display='none'\" data-srcset=\"https:\/\/b2861967.smushcdn.com\/2861967\/wp-content\/uploads\/2024\/08\/Gift-Ideas-for-Christmas-Holiday-Cottage-in-Brittany-France.jpg?lossy=1&amp;strip=1&amp;webp=1 1800w, https:\/\/b2861967.smushcdn.com\/2861967\/wp-content\/uploads\/2024\/08\/Gift-Ideas-for-Christmas-Holiday-Cottage-in-Brittany-France-300x200.jpg?lossy=1&amp;strip=1&amp;webp=1 300w, https:\/\/b2861967.smushcdn.com\/2861967\/wp-content\/uploads\/2024\/08\/Gift-Ideas-for-Christmas-Holiday-Cottage-in-Brittany-France-1024x683.jpg?lossy=1&amp;strip=1&amp;webp=1 1024w, https:\/\/b2861967.smushcdn.com\/2861967\/wp-content\/uploads\/2024\/08\/Gift-Ideas-for-Christmas-Holiday-Cottage-in-Brittany-France-768x512.jpg?lossy=1&amp;strip=1&amp;webp=1 768w, https:\/\/b2861967.smushcdn.com\/2861967\/wp-content\/uploads\/2024\/08\/Gift-Ideas-for-Christmas-Holiday-Cottage-in-Brittany-France-1536x1024.jpg?lossy=1&amp;strip=1&amp;webp=1 1536w, https:\/\/b2861967.smushcdn.com\/2861967\/wp-content\/uploads\/2024\/08\/Gift-Ideas-for-Christmas-Holiday-Cottage-in-Brittany-France-18x12.jpg?lossy=1&amp;strip=1&amp;webp=1 18w, https:\/\/b2861967.smushcdn.com\/2861967\/wp-content\/uploads\/2024\/08\/Gift-Ideas-for-Christmas-Holiday-Cottage-in-Brittany-France.jpg?size=512x341&amp;lossy=1&amp;strip=1&amp;webp=1 512w\" data-sizes=\"auto\" src=\"data:image\/svg+xml;base64,PHN2ZyB3aWR0aD0iMSIgaGVpZ2h0PSIxIiB4bWxucz0iaHR0cDovL3d3dy53My5vcmcvMjAwMC9zdmciPjwvc3ZnPg==\" class=\"lazyload\" style=\"--smush-placeholder-width: 1800px; --smush-placeholder-aspect-ratio: 1800\/1200;\" data-original-sizes=\"(max-width: 1800px) 100vw, 1800px\" \/>\n\t\tPotterie Florence Le Gouguec in Hanvec\n\t\t\t\t<a href=\"https:\/\/www.armorlux.com\/fr\/morlaix.html\"  target=\"_blank\" rel=\"noopener\"  itemprop=\"url\">\n\t\t\t\t<img decoding=\"async\" data-src=\"https:\/\/b2861967.smushcdn.com\/2861967\/wp-content\/uploads\/2024\/08\/Brittany-Christmas-Gift-Guide-Armor-Lux-1536x1024.jpg?lossy=1&strip=1&webp=1\" alt=\"Guide des cadeaux de No\u00ebl en Bretagne Armor Lux\" itemprop=\"image\" height=\"1024\" width=\"1536\" title=\"Guide des cadeaux de No\u00ebl en Bretagne Armor Lux\" onerror=\"this.style.display='none'\" data-srcset=\"https:\/\/b2861967.smushcdn.com\/2861967\/wp-content\/uploads\/2024\/08\/Brittany-Christmas-Gift-Guide-Armor-Lux-1536x1024.jpg?lossy=1&amp;strip=1&amp;webp=1 1536w, https:\/\/b2861967.smushcdn.com\/2861967\/wp-content\/uploads\/2024\/08\/Brittany-Christmas-Gift-Guide-Armor-Lux-300x200.jpg?lossy=1&amp;strip=1&amp;webp=1 300w, https:\/\/b2861967.smushcdn.com\/2861967\/wp-content\/uploads\/2024\/08\/Brittany-Christmas-Gift-Guide-Armor-Lux-1024x683.jpg?lossy=1&amp;strip=1&amp;webp=1 1024w, https:\/\/b2861967.smushcdn.com\/2861967\/wp-content\/uploads\/2024\/08\/Brittany-Christmas-Gift-Guide-Armor-Lux-768x512.jpg?lossy=1&amp;strip=1&amp;webp=1 768w, https:\/\/b2861967.smushcdn.com\/2861967\/wp-content\/uploads\/2024\/08\/Brittany-Christmas-Gift-Guide-Armor-Lux-18x12.jpg?lossy=1&amp;strip=1&amp;webp=1 18w, https:\/\/b2861967.smushcdn.com\/2861967\/wp-content\/uploads\/2024\/08\/Brittany-Christmas-Gift-Guide-Armor-Lux.jpg?lossy=1&amp;strip=1&amp;webp=1 1800w, https:\/\/b2861967.smushcdn.com\/2861967\/wp-content\/uploads\/2024\/08\/Brittany-Christmas-Gift-Guide-Armor-Lux.jpg?size=512x341&amp;lossy=1&amp;strip=1&amp;webp=1 512w\" data-sizes=\"auto\" src=\"data:image\/svg+xml;base64,PHN2ZyB3aWR0aD0iMSIgaGVpZ2h0PSIxIiB4bWxucz0iaHR0cDovL3d3dy53My5vcmcvMjAwMC9zdmciPjwvc3ZnPg==\" class=\"lazyload\" style=\"--smush-placeholder-width: 1536px; --smush-placeholder-aspect-ratio: 1536\/1024;\" data-original-sizes=\"(max-width: 1536px) 100vw, 1536px\" \/>\n\t\t\t\t<\/a>\n<h4>\n\t\t\t# 5\t<\/h4>\n<h2>\n\t\t\tChemise bretonne ray\u00e9e Armor Lux (La Marini\u00e8re, Morlaix)\t<\/h2>\n\t<p>L'embl\u00e9matique chemise bretonne \u00e0 rayures, ou La Marini\u00e8re, d'Armor Lux \u00e0 Morlaix, est une pi\u00e8ce de mode intemporelle originaire de Bretagne. Cette chemise ray\u00e9e classique marine et blanche est \u00e0 la fois \u00e9l\u00e9gante et confortable, ce qui en fait un cadeau id\u00e9al pour les passionn\u00e9s de mode et tous ceux qui appr\u00e9cient le style fran\u00e7ais classique.<\/p>\n\t\t\t<a href=\"https:\/\/www.armorlux.com\/fr\/morlaix.html\" target=\"_blank\" rel=\"noopener\">\n\t\t\t\t\t\t\tVisitez Armor Lux Morlaix ici\n\t\t\t<\/a>\n<h4>\n\t\t\t# 6\t<\/h4>\n<h2>\n\t\t\tGalettes de Bretagne\t<\/h2>\n\t<p>Laissez-vous tenter par la saveur riche et onctueuse des biscuits bretons traditionnels au beurre, connus localement sous le nom de Galettes de Bretagne. Fabriqu\u00e9s avec le meilleur beurre local et un soup\u00e7on de sel de mer, ces biscuits sont une friandise appr\u00e9ci\u00e9e qui incarne parfaitement l'h\u00e9ritage culinaire de la Bretagne. Emball\u00e9s dans de magnifiques bo\u00eetes festives, ils constituent un excellent cadeau pour les amateurs de sucreries.<\/p>\n\t\t\t<a href=\"https:\/\/www.latrinitaine.com\/nos-boutiques-en-france\/la-trinitaine-quimper.html\/\" target=\"_blank\" rel=\"noopener\">\n\t\t\t\t\t\t\tVisitez La Trinitaine ici\n\t\t\t<\/a>\n\t\t\t\t<img decoding=\"async\" data-src=\"https:\/\/b2861967.smushcdn.com\/2861967\/wp-content\/uploads\/2024\/08\/Gift-Guide-for-Christmas-holiday-in-France-1536x1024.jpg?lossy=1&strip=1&webp=1\" alt=\"Guide des cadeaux pour les vacances de No\u00ebl en France\" itemprop=\"image\" height=\"1024\" width=\"1536\" title=\"Guide des cadeaux pour les vacances de No\u00ebl en France\" onerror=\"this.style.display='none'\" data-srcset=\"https:\/\/b2861967.smushcdn.com\/2861967\/wp-content\/uploads\/2024\/08\/Gift-Guide-for-Christmas-holiday-in-France-1536x1024.jpg?lossy=1&amp;strip=1&amp;webp=1 1536w, https:\/\/b2861967.smushcdn.com\/2861967\/wp-content\/uploads\/2024\/08\/Gift-Guide-for-Christmas-holiday-in-France-300x200.jpg?lossy=1&amp;strip=1&amp;webp=1 300w, https:\/\/b2861967.smushcdn.com\/2861967\/wp-content\/uploads\/2024\/08\/Gift-Guide-for-Christmas-holiday-in-France-1024x683.jpg?lossy=1&amp;strip=1&amp;webp=1 1024w, https:\/\/b2861967.smushcdn.com\/2861967\/wp-content\/uploads\/2024\/08\/Gift-Guide-for-Christmas-holiday-in-France-768x512.jpg?lossy=1&amp;strip=1&amp;webp=1 768w, https:\/\/b2861967.smushcdn.com\/2861967\/wp-content\/uploads\/2024\/08\/Gift-Guide-for-Christmas-holiday-in-France-18x12.jpg?lossy=1&amp;strip=1&amp;webp=1 18w, https:\/\/b2861967.smushcdn.com\/2861967\/wp-content\/uploads\/2024\/08\/Gift-Guide-for-Christmas-holiday-in-France.jpg?lossy=1&amp;strip=1&amp;webp=1 1800w, https:\/\/b2861967.smushcdn.com\/2861967\/wp-content\/uploads\/2024\/08\/Gift-Guide-for-Christmas-holiday-in-France.jpg?size=512x341&amp;lossy=1&amp;strip=1&amp;webp=1 512w\" data-sizes=\"auto\" src=\"data:image\/svg+xml;base64,PHN2ZyB3aWR0aD0iMSIgaGVpZ2h0PSIxIiB4bWxucz0iaHR0cDovL3d3dy53My5vcmcvMjAwMC9zdmciPjwvc3ZnPg==\" class=\"lazyload\" style=\"--smush-placeholder-width: 1536px; --smush-placeholder-aspect-ratio: 1536\/1024;\" data-original-sizes=\"(max-width: 1536px) 100vw, 1536px\" \/>\n\t\t\t\t<img decoding=\"async\" data-src=\"https:\/\/b2861967.smushcdn.com\/2861967\/wp-content\/uploads\/2024\/08\/Brittany-Gift-Guide-for-Christmas.jpg?lossy=1&strip=1&webp=1\" alt=\"Brittany Gift Guide for Christmas\" itemprop=\"image\" height=\"1200\" width=\"1800\" title=\"Brittany Gift Guide for Christmas\" onerror=\"this.style.display='none'\" data-srcset=\"https:\/\/b2861967.smushcdn.com\/2861967\/wp-content\/uploads\/2024\/08\/Brittany-Gift-Guide-for-Christmas.jpg?lossy=1&amp;strip=1&amp;webp=1 1800w, https:\/\/b2861967.smushcdn.com\/2861967\/wp-content\/uploads\/2024\/08\/Brittany-Gift-Guide-for-Christmas-300x200.jpg?lossy=1&amp;strip=1&amp;webp=1 300w, https:\/\/b2861967.smushcdn.com\/2861967\/wp-content\/uploads\/2024\/08\/Brittany-Gift-Guide-for-Christmas-1024x683.jpg?lossy=1&amp;strip=1&amp;webp=1 1024w, https:\/\/b2861967.smushcdn.com\/2861967\/wp-content\/uploads\/2024\/08\/Brittany-Gift-Guide-for-Christmas-768x512.jpg?lossy=1&amp;strip=1&amp;webp=1 768w, https:\/\/b2861967.smushcdn.com\/2861967\/wp-content\/uploads\/2024\/08\/Brittany-Gift-Guide-for-Christmas-1536x1024.jpg?lossy=1&amp;strip=1&amp;webp=1 1536w, https:\/\/b2861967.smushcdn.com\/2861967\/wp-content\/uploads\/2024\/08\/Brittany-Gift-Guide-for-Christmas-18x12.jpg?lossy=1&amp;strip=1&amp;webp=1 18w, https:\/\/b2861967.smushcdn.com\/2861967\/wp-content\/uploads\/2024\/08\/Brittany-Gift-Guide-for-Christmas.jpg?size=512x341&amp;lossy=1&amp;strip=1&amp;webp=1 512w\" data-sizes=\"auto\" src=\"data:image\/svg+xml;base64,PHN2ZyB3aWR0aD0iMSIgaGVpZ2h0PSIxIiB4bWxucz0iaHR0cDovL3d3dy53My5vcmcvMjAwMC9zdmciPjwvc3ZnPg==\" class=\"lazyload\" style=\"--smush-placeholder-width: 1800px; --smush-placeholder-aspect-ratio: 1800\/1200;\" data-original-sizes=\"(max-width: 1800px) 100vw, 1800px\" \/>\n<h4>\n\t\t\t# 7\t<\/h4>\n<h2>\n\t\t\tSel de Gu\u00e9rande (Fleur de Sel)\t<\/h2>\n\t<p>Rehaussez vos cr\u00e9ations culinaires avec la d\u00e9licate et savoureuse Fleur de Sel de Gu\u00e9rande. R\u00e9colt\u00e9 \u00e0 la main dans les marais salants de Bretagne, ce sel marin gourmet est pris\u00e9 par les chefs du monde entier. Un pot de Fleur de Sel est un cadeau judicieux pour les amateurs de cuisine et les cuisiniers \u00e0 domicile.<\/p>\n\t\t\t\t<img decoding=\"async\" data-src=\"https:\/\/b2861967.smushcdn.com\/2861967\/wp-content\/uploads\/2024\/06\/Christmas-in-France-Christmas-in-Brittany-gite-noel-bretagne-gite-nouvel-an-6.jpg?lossy=1&strip=1&webp=1\" alt=\"Les Images noel aux Gites de Kergudon Finistere Bretagne\" itemprop=\"image\" height=\"900\" width=\"1200\" title=\"Les Images noel aux Gites de Kergudon Finistere Bretagne\" onerror=\"this.style.display='none'\" data-srcset=\"https:\/\/b2861967.smushcdn.com\/2861967\/wp-content\/uploads\/2024\/06\/Christmas-in-France-Christmas-in-Brittany-gite-noel-bretagne-gite-nouvel-an-6.jpg?lossy=1&amp;strip=1&amp;webp=1 1200w, https:\/\/b2861967.smushcdn.com\/2861967\/wp-content\/uploads\/2024\/06\/Christmas-in-France-Christmas-in-Brittany-gite-noel-bretagne-gite-nouvel-an-6-300x225.jpg?lossy=1&amp;strip=1&amp;webp=1 300w, https:\/\/b2861967.smushcdn.com\/2861967\/wp-content\/uploads\/2024\/06\/Christmas-in-France-Christmas-in-Brittany-gite-noel-bretagne-gite-nouvel-an-6-1024x768.jpg?lossy=1&amp;strip=1&amp;webp=1 1024w, https:\/\/b2861967.smushcdn.com\/2861967\/wp-content\/uploads\/2024\/06\/Christmas-in-France-Christmas-in-Brittany-gite-noel-bretagne-gite-nouvel-an-6-768x576.jpg?lossy=1&amp;strip=1&amp;webp=1 768w, https:\/\/b2861967.smushcdn.com\/2861967\/wp-content\/uploads\/2024\/06\/Christmas-in-France-Christmas-in-Brittany-gite-noel-bretagne-gite-nouvel-an-6-16x12.jpg?lossy=1&amp;strip=1&amp;webp=1 16w, https:\/\/b2861967.smushcdn.com\/2861967\/wp-content\/uploads\/2024\/06\/Christmas-in-France-Christmas-in-Brittany-gite-noel-bretagne-gite-nouvel-an-6.jpg?size=512x384&amp;lossy=1&amp;strip=1&amp;webp=1 512w\" data-sizes=\"auto\" src=\"data:image\/svg+xml;base64,PHN2ZyB3aWR0aD0iMSIgaGVpZ2h0PSIxIiB4bWxucz0iaHR0cDovL3d3dy53My5vcmcvMjAwMC9zdmciPjwvc3ZnPg==\" class=\"lazyload\" style=\"--smush-placeholder-width: 1200px; --smush-placeholder-aspect-ratio: 1200\/900;\" data-original-sizes=\"(max-width: 1200px) 100vw, 1200px\" \/>\n<h2>\n\t\t\tCr\u00e9ez de merveilleux souvenirs festifs avec No\u00ebl en Bretagne\t<\/h2>\n\t<p>This Christmas, share the magic of Brittany with these carefully selected gifts. Whether you&#8217;re celebrating in a cozy cottage in Finist\u00e8re or bringing a piece of Brittany into your home, our gift guide ensures that your holiday season will be filled with Breton charm and warmth.<\/p>\n\t\t\t<a href=\"https:\/\/kergudon.com\/fr\/\" target=\"_blank\" rel=\"noopener\">\n\t\t\t\t\t\t\tR\u00e9servez votre Gite de No\u00ebl dans le Finist\u00e8re ici\n\t\t\t<\/a>","protected":false},"excerpt":{"rendered":"<p>Brittany Christmas Gift Guide 2025 As the festive season approaches, many are dreaming of a cozy Christmas getaway. Whether you&#8217;re planning a stay in one of our charming holiday cottages in Northern Brittany or simply looking for the perfect gift to bring a touch of Brittany into your home, our Christmas Gift Guide for 2025&hellip;<\/p>","protected":false},"author":4,"featured_media":0,"parent":0,"menu_order":0,"comment_status":"closed","ping_status":"closed","template":"","meta":{"footnotes":""},"class_list":["post-9006","page","type-page","status-publish","hentry"],"_links":{"self":[{"href":"https:\/\/kergudon.com\/fr\/wp-json\/wp\/v2\/pages\/9006","targetHints":{"allow":["GET"]}}],"collection":[{"href":"https:\/\/kergudon.com\/fr\/wp-json\/wp\/v2\/pages"}],"about":[{"href":"https:\/\/kergudon.com\/fr\/wp-json\/wp\/v2\/types\/page"}],"author":[{"embeddable":true,"href":"https:\/\/kergudon.com\/fr\/wp-json\/wp\/v2\/users\/4"}],"replies":[{"embeddable":true,"href":"https:\/\/kergudon.com\/fr\/wp-json\/wp\/v2\/comments?post=9006"}],"version-history":[{"count":19,"href":"https:\/\/kergudon.com\/fr\/wp-json\/wp\/v2\/pages\/9006\/revisions"}],"predecessor-version":[{"id":10129,"href":"https:\/\/kergudon.com\/fr\/wp-json\/wp\/v2\/pages\/9006\/revisions\/10129"}],"wp:attachment":[{"href":"https:\/\/kergudon.com\/fr\/wp-json\/wp\/v2\/media?parent=9006"}],"curies":[{"name":"wp","href":"https:\/\/api.w.org\/{rel}","templated":true}]}}